{"id":6379,"date":"2024-05-13T22:42:05","date_gmt":"2024-05-13T19:42:05","guid":{"rendered":"https:\/\/healing.ee\/?post_type=product&#038;p=6379"},"modified":"2026-03-31T12:45:32","modified_gmt":"2026-03-31T09:45:32","slug":"anatoomia-kaardid","status":"publish","type":"product","link":"https:\/\/healing.ee\/et\/toode\/anatoomia-kaardid\/","title":{"rendered":"Anatoomia kaardid &#8211; eesti- ja ladina keeles"},"content":{"rendered":"","protected":false},"excerpt":{"rendered":"<p><strong>LIHASED + LUUD<\/strong><\/p>\n<p>9 lihasgruppi, 90 lihast ja luud koos kinnituskohtade nimetustega.<\/p>\n<ul>\n<li>Ladinakeelne nimi<\/li>\n<li>Eestikeelne nimi<\/li>\n<li>Alguskoht &#8211; ladina keeles<\/li>\n<li>Kinnituskoht &#8211; ladina keeles<\/li>\n<li>Funktsioon &#8211; ladina keeles<\/li>\n<li>N\u00e4rvid &#8211; ladina keeles<\/li>\n<\/ul>\n<p>Kaartide suurus on 100 x 145 mm.<br \/>\nKahepoolsed, v\u00e4rvilised, \u00fcmarate nurkadega.<br \/>\nLamineeritud.<\/p>\n<p>&nbsp;<\/p>\n<p>NB! &#8211; TARNE INFO<br \/>\n<strong>&#8211; \u00dcksiktellimuse saadan pakiautomaati. Saatekulu lisaks 3\u20ac.<br \/>\n&#8211; Suurema koguse tellimisel (al 15 pakki) v\u00f5ta \u00fchendust <a href=\"mailto:holistic@healing.ee\">holistic@healing.ee<\/a>.\u00a0<\/strong><\/p>\n","protected":false},"featured_media":9514,"template":"","meta":{"site-sidebar-layout":"no-sidebar","site-content-layout":"page-builder","ast-site-content-layout":"normal-width-container","site-content-style":"boxed","site-sidebar-style":"default","ast-global-header-display":"","ast-banner-title-visibility":"","ast-main-header-display":"","ast-hfb-above-header-display":"","ast-hfb-below-header-display":"","ast-hfb-mobile-header-display":"","site-post-title":"disabled","ast-breadcrumbs-content":"","ast-featured-img":"disabled","footer-sml-layout":"","ast-disable-related-posts":"","theme-transparent-header-meta":"default","adv-header-id-meta":"","stick-header-meta":"","header-above-stick-meta":"","header-main-stick-meta":"","header-below-stick-meta":"","astra-migrate-meta-layouts":"set","ast-page-background-enabled":"default","ast-page-background-meta":{"desktop":{"background-color":"var(--ast-global-color-4)","background-image":"","background-repeat":"repeat","background-position":"center center","background-size":"auto","background-attachment":"scroll","background-type":"","background-media":"","overlay-type":"","overlay-color":"","overlay-opacity":"","overlay-gradient":""},"tablet":{"background-color":"","background-image":"","background-repeat":"repeat","background-position":"center center","background-size":"auto","background-attachment":"scroll","background-type":"","background-media":"","overlay-type":"","overlay-color":"","overlay-opacity":"","overlay-gradient":""},"mobile":{"background-color":"","background-image":"","background-repeat":"repeat","background-position":"center center","background-size":"auto","background-attachment":"scroll","background-type":"","background-media":"","overlay-type":"","overlay-color":"","overlay-opacity":"","overlay-gradient":""}},"ast-content-background-meta":{"desktop":{"background-color":"var(--ast-global-color-5)","background-image":"","background-repeat":"repeat","background-position":"center center","background-size":"auto","background-attachment":"scroll","background-type":"","background-media":"","overlay-type":"","overlay-color":"","overlay-opacity":"","overlay-gradient":""},"tablet":{"background-color":"var(--ast-global-color-5)","background-image":"","background-repeat":"repeat","background-position":"center center","background-size":"auto","background-attachment":"scroll","background-type":"","background-media":"","overlay-type":"","overlay-color":"","overlay-opacity":"","overlay-gradient":""},"mobile":{"background-color":"var(--ast-global-color-5)","background-image":"","background-repeat":"repeat","background-position":"center center","background-size":"auto","background-attachment":"scroll","background-type":"","background-media":"","overlay-type":"","overlay-color":"","overlay-opacity":"","overlay-gradient":""}}},"product_brand":[],"product_cat":[58],"product_tag":[],"class_list":{"0":"post-6379","1":"product","2":"type-product","3":"status-publish","4":"has-post-thumbnail","6":"product_cat-fuusiline-et","7":"product_shipping_class-eesti-et","8":"desktop-align-left","9":"tablet-align-left","10":"mobile-align-left","12":"first","13":"instock","14":"shipping-taxable","15":"purchasable","16":"product-type-simple"},"yoast_head":"<!-- This site is optimized with the Yoast SEO plugin v27.3 - https:\/\/yoast.com\/product\/yoast-seo-wordpress\/ -->\n<title>Anatoomia kaardid - eesti- ja ladina keeles - Holistic Healing<\/title>\n<meta name=\"robots\" content=\"index, follow, max-snippet:-1, max-image-preview:large, max-video-preview:-1\" \/>\n<link rel=\"canonical\" href=\"https:\/\/healing.ee\/et\/toode\/anatoomia-kaardid\/\" \/>\n<meta property=\"og:locale\" content=\"et_EE\" \/>\n<meta property=\"og:type\" content=\"article\" \/>\n<meta property=\"og:title\" content=\"Anatoomia kaardid - eesti- ja ladina keeles - Holistic Healing\" \/>\n<meta property=\"og:description\" content=\"LIHASED + LUUD  9 lihasgruppi, 90 lihast ja luud koos kinnituskohtade nimetustega.   Ladinakeelne nimi  Eestikeelne nimi  Alguskoht - ladina keeles  Kinnituskoht - ladina keeles  Funktsioon - ladina keeles  N\u00e4rvid - ladina keeles  Kaartide suurus on 100 x 145 mm. Kahepoolsed, v\u00e4rvilised, \u00fcmarate nurkadega. Lamineeritud.  &nbsp;  NB! - TARNE INFO - \u00dcksiktellimuse saadan pakiautomaati. Saatekulu lisaks 3\u20ac. - Suurema koguse tellimisel (al 15 pakki) v\u00f5ta \u00fchendust holistic@healing.ee.\u00a0\" \/>\n<meta property=\"og:url\" content=\"https:\/\/healing.ee\/et\/toode\/anatoomia-kaardid\/\" \/>\n<meta property=\"og:site_name\" content=\"Holistic Healing\" \/>\n<meta property=\"article:publisher\" content=\"https:\/\/www.facebook.com\/holistic.healing.estonia\" \/>\n<meta property=\"article:modified_time\" content=\"2026-03-31T09:45:32+00:00\" \/>\n<meta property=\"og:image\" content=\"https:\/\/i0.wp.com\/healing.ee\/wp-content\/uploads\/2024\/05\/Product-images-square-FUUSILINE.jpg?fit=1440%2C1440&ssl=1\" \/>\n\t<meta property=\"og:image:width\" content=\"1440\" \/>\n\t<meta property=\"og:image:height\" content=\"1440\" \/>\n\t<meta property=\"og:image:type\" content=\"image\/jpeg\" \/>\n<meta name=\"twitter:card\" content=\"summary_large_image\" \/>\n<meta name=\"twitter:label1\" content=\"Est. reading time\" \/>\n\t<meta name=\"twitter:data1\" content=\"1 minut\" \/>\n<script type=\"application\/ld+json\" class=\"yoast-schema-graph\">{\"@context\":\"https:\\\/\\\/schema.org\",\"@graph\":[{\"@type\":\"WebPage\",\"@id\":\"https:\\\/\\\/healing.ee\\\/et\\\/toode\\\/anatoomia-kaardid\\\/\",\"url\":\"https:\\\/\\\/healing.ee\\\/et\\\/toode\\\/anatoomia-kaardid\\\/\",\"name\":\"Anatoomia kaardid - eesti- ja ladina keeles - Holistic Healing\",\"isPartOf\":{\"@id\":\"https:\\\/\\\/healing.ee\\\/et\\\/#website\"},\"primaryImageOfPage\":{\"@id\":\"https:\\\/\\\/healing.ee\\\/et\\\/toode\\\/anatoomia-kaardid\\\/#primaryimage\"},\"image\":{\"@id\":\"https:\\\/\\\/healing.ee\\\/et\\\/toode\\\/anatoomia-kaardid\\\/#primaryimage\"},\"thumbnailUrl\":\"https:\\\/\\\/i0.wp.com\\\/healing.ee\\\/wp-content\\\/uploads\\\/2024\\\/05\\\/Product-images-square-FUUSILINE.jpg?fit=1440%2C1440&ssl=1\",\"datePublished\":\"2024-05-13T19:42:05+00:00\",\"dateModified\":\"2026-03-31T09:45:32+00:00\",\"breadcrumb\":{\"@id\":\"https:\\\/\\\/healing.ee\\\/et\\\/toode\\\/anatoomia-kaardid\\\/#breadcrumb\"},\"inLanguage\":\"et\",\"potentialAction\":[{\"@type\":\"ReadAction\",\"target\":[\"https:\\\/\\\/healing.ee\\\/et\\\/toode\\\/anatoomia-kaardid\\\/\"]}]},{\"@type\":\"ImageObject\",\"inLanguage\":\"et\",\"@id\":\"https:\\\/\\\/healing.ee\\\/et\\\/toode\\\/anatoomia-kaardid\\\/#primaryimage\",\"url\":\"https:\\\/\\\/i0.wp.com\\\/healing.ee\\\/wp-content\\\/uploads\\\/2024\\\/05\\\/Product-images-square-FUUSILINE.jpg?fit=1440%2C1440&ssl=1\",\"contentUrl\":\"https:\\\/\\\/i0.wp.com\\\/healing.ee\\\/wp-content\\\/uploads\\\/2024\\\/05\\\/Product-images-square-FUUSILINE.jpg?fit=1440%2C1440&ssl=1\",\"width\":1440,\"height\":1440},{\"@type\":\"BreadcrumbList\",\"@id\":\"https:\\\/\\\/healing.ee\\\/et\\\/toode\\\/anatoomia-kaardid\\\/#breadcrumb\",\"itemListElement\":[{\"@type\":\"ListItem\",\"position\":1,\"name\":\"Home\",\"item\":\"https:\\\/\\\/healing.ee\\\/et\\\/\"},{\"@type\":\"ListItem\",\"position\":2,\"name\":\"Pood\",\"item\":\"https:\\\/\\\/healing.ee\\\/et\\\/pood\\\/\"},{\"@type\":\"ListItem\",\"position\":3,\"name\":\"Anatoomia kaardid &#8211; eesti- ja ladina keeles\"}]},{\"@type\":\"WebSite\",\"@id\":\"https:\\\/\\\/healing.ee\\\/et\\\/#website\",\"url\":\"https:\\\/\\\/healing.ee\\\/et\\\/\",\"name\":\"Holistic Healing\",\"description\":\"Tagasi iseendaks\",\"publisher\":{\"@id\":\"https:\\\/\\\/healing.ee\\\/et\\\/#organization\"},\"potentialAction\":[{\"@type\":\"SearchAction\",\"target\":{\"@type\":\"EntryPoint\",\"urlTemplate\":\"https:\\\/\\\/healing.ee\\\/et\\\/?s={search_term_string}\"},\"query-input\":{\"@type\":\"PropertyValueSpecification\",\"valueRequired\":true,\"valueName\":\"search_term_string\"}}],\"inLanguage\":\"et\"},{\"@type\":\"Organization\",\"@id\":\"https:\\\/\\\/healing.ee\\\/et\\\/#organization\",\"name\":\"Holistic Healing\",\"url\":\"https:\\\/\\\/healing.ee\\\/et\\\/\",\"logo\":{\"@type\":\"ImageObject\",\"inLanguage\":\"et\",\"@id\":\"https:\\\/\\\/healing.ee\\\/et\\\/#\\\/schema\\\/logo\\\/image\\\/\",\"url\":\"https:\\\/\\\/i0.wp.com\\\/healing.ee\\\/wp-content\\\/uploads\\\/2022\\\/12\\\/cropped-cropped-HH-LOGO-6-e1670997550150.jpg?fit=500%2C562&ssl=1\",\"contentUrl\":\"https:\\\/\\\/i0.wp.com\\\/healing.ee\\\/wp-content\\\/uploads\\\/2022\\\/12\\\/cropped-cropped-HH-LOGO-6-e1670997550150.jpg?fit=500%2C562&ssl=1\",\"width\":500,\"height\":562,\"caption\":\"Holistic Healing\"},\"image\":{\"@id\":\"https:\\\/\\\/healing.ee\\\/et\\\/#\\\/schema\\\/logo\\\/image\\\/\"},\"sameAs\":[\"https:\\\/\\\/www.facebook.com\\\/holistic.healing.estonia\",\"https:\\\/\\\/www.instagram.com\\\/healing.ee\\\/\"]}]}<\/script>\n<!-- \/ Yoast SEO plugin. -->","yoast_head_json":{"title":"Anatoomia kaardid - eesti- ja ladina keeles - Holistic Healing","robots":{"index":"index","follow":"follow","max-snippet":"max-snippet:-1","max-image-preview":"max-image-preview:large","max-video-preview":"max-video-preview:-1"},"canonical":"https:\/\/healing.ee\/et\/toode\/anatoomia-kaardid\/","og_locale":"et_EE","og_type":"article","og_title":"Anatoomia kaardid - eesti- ja ladina keeles - Holistic Healing","og_description":"LIHASED + LUUD  9 lihasgruppi, 90 lihast ja luud koos kinnituskohtade nimetustega.   Ladinakeelne nimi  Eestikeelne nimi  Alguskoht - ladina keeles  Kinnituskoht - ladina keeles  Funktsioon - ladina keeles  N\u00e4rvid - ladina keeles  Kaartide suurus on 100 x 145 mm. Kahepoolsed, v\u00e4rvilised, \u00fcmarate nurkadega. Lamineeritud.  &nbsp;  NB! - TARNE INFO - \u00dcksiktellimuse saadan pakiautomaati. Saatekulu lisaks 3\u20ac. - Suurema koguse tellimisel (al 15 pakki) v\u00f5ta \u00fchendust holistic@healing.ee.\u00a0","og_url":"https:\/\/healing.ee\/et\/toode\/anatoomia-kaardid\/","og_site_name":"Holistic Healing","article_publisher":"https:\/\/www.facebook.com\/holistic.healing.estonia","article_modified_time":"2026-03-31T09:45:32+00:00","og_image":[{"width":1440,"height":1440,"url":"https:\/\/i0.wp.com\/healing.ee\/wp-content\/uploads\/2024\/05\/Product-images-square-FUUSILINE.jpg?fit=1440%2C1440&ssl=1","type":"image\/jpeg"}],"twitter_card":"summary_large_image","twitter_misc":{"Est. reading time":"1 minut"},"schema":{"@context":"https:\/\/schema.org","@graph":[{"@type":"WebPage","@id":"https:\/\/healing.ee\/et\/toode\/anatoomia-kaardid\/","url":"https:\/\/healing.ee\/et\/toode\/anatoomia-kaardid\/","name":"Anatoomia kaardid - eesti- ja ladina keeles - Holistic Healing","isPartOf":{"@id":"https:\/\/healing.ee\/et\/#website"},"primaryImageOfPage":{"@id":"https:\/\/healing.ee\/et\/toode\/anatoomia-kaardid\/#primaryimage"},"image":{"@id":"https:\/\/healing.ee\/et\/toode\/anatoomia-kaardid\/#primaryimage"},"thumbnailUrl":"https:\/\/i0.wp.com\/healing.ee\/wp-content\/uploads\/2024\/05\/Product-images-square-FUUSILINE.jpg?fit=1440%2C1440&ssl=1","datePublished":"2024-05-13T19:42:05+00:00","dateModified":"2026-03-31T09:45:32+00:00","breadcrumb":{"@id":"https:\/\/healing.ee\/et\/toode\/anatoomia-kaardid\/#breadcrumb"},"inLanguage":"et","potentialAction":[{"@type":"ReadAction","target":["https:\/\/healing.ee\/et\/toode\/anatoomia-kaardid\/"]}]},{"@type":"ImageObject","inLanguage":"et","@id":"https:\/\/healing.ee\/et\/toode\/anatoomia-kaardid\/#primaryimage","url":"https:\/\/i0.wp.com\/healing.ee\/wp-content\/uploads\/2024\/05\/Product-images-square-FUUSILINE.jpg?fit=1440%2C1440&ssl=1","contentUrl":"https:\/\/i0.wp.com\/healing.ee\/wp-content\/uploads\/2024\/05\/Product-images-square-FUUSILINE.jpg?fit=1440%2C1440&ssl=1","width":1440,"height":1440},{"@type":"BreadcrumbList","@id":"https:\/\/healing.ee\/et\/toode\/anatoomia-kaardid\/#breadcrumb","itemListElement":[{"@type":"ListItem","position":1,"name":"Home","item":"https:\/\/healing.ee\/et\/"},{"@type":"ListItem","position":2,"name":"Pood","item":"https:\/\/healing.ee\/et\/pood\/"},{"@type":"ListItem","position":3,"name":"Anatoomia kaardid &#8211; eesti- ja ladina keeles"}]},{"@type":"WebSite","@id":"https:\/\/healing.ee\/et\/#website","url":"https:\/\/healing.ee\/et\/","name":"Holistic Healing","description":"Tagasi iseendaks","publisher":{"@id":"https:\/\/healing.ee\/et\/#organization"},"potentialAction":[{"@type":"SearchAction","target":{"@type":"EntryPoint","urlTemplate":"https:\/\/healing.ee\/et\/?s={search_term_string}"},"query-input":{"@type":"PropertyValueSpecification","valueRequired":true,"valueName":"search_term_string"}}],"inLanguage":"et"},{"@type":"Organization","@id":"https:\/\/healing.ee\/et\/#organization","name":"Holistic Healing","url":"https:\/\/healing.ee\/et\/","logo":{"@type":"ImageObject","inLanguage":"et","@id":"https:\/\/healing.ee\/et\/#\/schema\/logo\/image\/","url":"https:\/\/i0.wp.com\/healing.ee\/wp-content\/uploads\/2022\/12\/cropped-cropped-HH-LOGO-6-e1670997550150.jpg?fit=500%2C562&ssl=1","contentUrl":"https:\/\/i0.wp.com\/healing.ee\/wp-content\/uploads\/2022\/12\/cropped-cropped-HH-LOGO-6-e1670997550150.jpg?fit=500%2C562&ssl=1","width":500,"height":562,"caption":"Holistic Healing"},"image":{"@id":"https:\/\/healing.ee\/et\/#\/schema\/logo\/image\/"},"sameAs":["https:\/\/www.facebook.com\/holistic.healing.estonia","https:\/\/www.instagram.com\/healing.ee\/"]}]}},"jetpack_sharing_enabled":true,"_links":{"self":[{"href":"https:\/\/healing.ee\/et\/wp-json\/wp\/v2\/product\/6379","targetHints":{"allow":["GET"]}}],"collection":[{"href":"https:\/\/healing.ee\/et\/wp-json\/wp\/v2\/product"}],"about":[{"href":"https:\/\/healing.ee\/et\/wp-json\/wp\/v2\/types\/product"}],"version-history":[{"count":5,"href":"https:\/\/healing.ee\/et\/wp-json\/wp\/v2\/product\/6379\/revisions"}],"predecessor-version":[{"id":10508,"href":"https:\/\/healing.ee\/et\/wp-json\/wp\/v2\/product\/6379\/revisions\/10508"}],"wp:featuredmedia":[{"embeddable":true,"href":"https:\/\/healing.ee\/et\/wp-json\/wp\/v2\/media\/9514"}],"wp:attachment":[{"href":"https:\/\/healing.ee\/et\/wp-json\/wp\/v2\/media?parent=6379"}],"wp:term":[{"taxonomy":"product_brand","embeddable":true,"href":"https:\/\/healing.ee\/et\/wp-json\/wp\/v2\/product_brand?post=6379"},{"taxonomy":"product_cat","embeddable":true,"href":"https:\/\/healing.ee\/et\/wp-json\/wp\/v2\/product_cat?post=6379"},{"taxonomy":"product_tag","embeddable":true,"href":"https:\/\/healing.ee\/et\/wp-json\/wp\/v2\/product_tag?post=6379"}],"curies":[{"name":"wp","href":"https:\/\/api.w.org\/{rel}","templated":true}]}}