{"id":4973,"date":"2023-12-08T12:36:16","date_gmt":"2023-12-08T10:36:16","guid":{"rendered":"https:\/\/healing.ee\/?post_type=product&#038;p=4973"},"modified":"2025-12-15T19:18:17","modified_gmt":"2025-12-15T17:18:17","slug":"naosalv","status":"publish","type":"product","link":"https:\/\/healing.ee\/et\/toode\/naosalv\/","title":{"rendered":"N\u00e4osalv"},"content":{"rendered":"<p class=\"p1\"><b>KELLELE SOBIB:<\/b><\/p>\n<ul>\n<li data-start=\"2403\" data-end=\"2423\">aknele kalduv nahk<\/li>\n<li data-start=\"2403\" data-end=\"2423\">kombineeritud ja rasune nahk<\/li>\n<li data-start=\"2403\" data-end=\"2423\">tuhm ja ebatasane nahk<\/li>\n<li data-start=\"2403\" data-end=\"2423\">vananemism\u00e4rkidega nahk<\/li>\n<li data-start=\"2403\" data-end=\"2423\">sobib ka tundlikule nahale ja silmade \u00fcmbrusele<\/li>\n<\/ul>\n<p class=\"p1\"><b>KASUTAMINE: <\/b>Kanda puhastatud n\u00e4onahale.<\/p>\n<p class=\"p1\"><span class=\"s1\"><b>KOOSTISOSAD: <\/b>Mesilasvaha, viinamarjaseemne\u00f5li, argani\u00f5li, jojoba\u00f5li, kanepiseemne\u00f5li, s\u00e4ilitusaine, E-vitamiin, AHA puuviljahape, gl\u00fctser\u00fc\u00fclkapr\u00fclaat, niatsiinamiin (B3).<\/span><\/p>\n<p><strong>TARNE JA S\u00c4ILIVUS:<\/strong>\u00a0Valmistan tooted enamasti vastavalt tellimusele. Tarne kuni 1 n\u00e4dal.\u00a0<br data-start=\"1330\" data-end=\"1333\" \/>S\u00e4ilivus 6 kuud.<\/p>\n","protected":false},"excerpt":{"rendered":"<p>100% looduslik n\u00e4okreem &#8211;\u00a030 ml<\/p>\n<ul>\n<li data-start=\"192\" data-end=\"385\"><strong data-start=\"192\" data-end=\"208\">Aknevastane:<\/strong> AHA puuviljahape koorib ja avab poorid, niatsiidamiin (B3) rahustab p\u00f5letikku ja \u00fchtlustab nahatooni, jojoba ja kanepiseemne\u00f5li tasakaalustavad rasu ja leevendavad p\u00f5letikku.<\/li>\n<li data-start=\"192\" data-end=\"385\"><strong data-start=\"388\" data-end=\"412\">Noorendav \/ taastav:<\/strong> argani- ja viinamarjaseemne\u00f5li toimivad antioks\u00fcdandina, niatsiidamiin parandab tekstuuri ja v\u00e4hendab pigmenti, E-vitamiin toetab rakkude uuenemist.<\/li>\n<li data-start=\"192\" data-end=\"385\"><strong data-start=\"566\" data-end=\"595\">S\u00fcgavniisutav ja kaitsev:<\/strong> gl\u00fctser\u00fc\u00fclkapr\u00fclaat ja \u00f5lid niisutavad kerge, mitterasuse kihina, mesilasvaha loob loodusliku barj\u00e4\u00e4ri, hoides niiskuse sees ja kaitstes k\u00fclma, tuule ja kuiva \u00f5hu eest.<\/li>\n<li data-start=\"192\" data-end=\"385\"><strong data-start=\"769\" data-end=\"782\">Rahustav:<\/strong> kanepiseemne- ja argani\u00f5li v\u00e4hendavad punetust ja pehmendavad tundlikku nahka.<\/li>\n<li data-start=\"564\" data-end=\"766\">\n<p data-start=\"566\" data-end=\"766\"><strong data-start=\"866\" data-end=\"889\">Mitte-komedogeenne:<\/strong> valitud \u00f5lid ei ummista poore (jojoba, argan, kanep, viinamarjaseemne\u00f5li).<\/p>\n<\/li>\n<\/ul>\n","protected":false},"featured_media":10658,"template":"","meta":{"site-sidebar-layout":"default","site-content-layout":"default","ast-site-content-layout":"default","site-content-style":"default","site-sidebar-style":"default","ast-global-header-display":"","ast-banner-title-visibility":"","ast-main-header-display":"","ast-hfb-above-header-display":"","ast-hfb-below-header-display":"","ast-hfb-mobile-header-display":"","site-post-title":"","ast-breadcrumbs-content":"","ast-featured-img":"","footer-sml-layout":"","ast-disable-related-posts":"","theme-transparent-header-meta":"default","adv-header-id-meta":"","stick-header-meta":"","header-above-stick-meta":"","header-main-stick-meta":"","header-below-stick-meta":"","astra-migrate-meta-layouts":"set","ast-page-background-enabled":"default","ast-page-background-meta":{"desktop":{"background-color":"var(--ast-global-color-4)","background-image":"","background-repeat":"repeat","background-position":"center center","background-size":"auto","background-attachment":"scroll","background-type":"","background-media":"","overlay-type":"","overlay-color":"","overlay-opacity":"","overlay-gradient":""},"tablet":{"background-color":"","background-image":"","background-repeat":"repeat","background-position":"center center","background-size":"auto","background-attachment":"scroll","background-type":"","background-media":"","overlay-type":"","overlay-color":"","overlay-opacity":"","overlay-gradient":""},"mobile":{"background-color":"","background-image":"","background-repeat":"repeat","background-position":"center center","background-size":"auto","background-attachment":"scroll","background-type":"","background-media":"","overlay-type":"","overlay-color":"","overlay-opacity":"","overlay-gradient":""}},"ast-content-background-meta":{"desktop":{"background-color":"var(--ast-global-color-5)","background-image":"","background-repeat":"repeat","background-position":"center center","background-size":"auto","background-attachment":"scroll","background-type":"","background-media":"","overlay-type":"","overlay-color":"","overlay-opacity":"","overlay-gradient":""},"tablet":{"background-color":"var(--ast-global-color-5)","background-image":"","background-repeat":"repeat","background-position":"center center","background-size":"auto","background-attachment":"scroll","background-type":"","background-media":"","overlay-type":"","overlay-color":"","overlay-opacity":"","overlay-gradient":""},"mobile":{"background-color":"var(--ast-global-color-5)","background-image":"","background-repeat":"repeat","background-position":"center center","background-size":"auto","background-attachment":"scroll","background-type":"","background-media":"","overlay-type":"","overlay-color":"","overlay-opacity":"","overlay-gradient":""}}},"product_brand":[],"product_cat":[58],"product_tag":[],"class_list":{"0":"post-4973","1":"product","2":"type-product","3":"status-publish","4":"has-post-thumbnail","6":"product_cat-fuusiline-et","7":"product_shipping_class-eesti-et","8":"desktop-align-left","9":"tablet-align-left","10":"mobile-align-left","12":"first","13":"instock","14":"shipping-taxable","15":"purchasable","16":"product-type-simple"},"yoast_head":"<!-- This site is optimized with the Yoast SEO plugin v27.3 - https:\/\/yoast.com\/product\/yoast-seo-wordpress\/ -->\n<title>N\u00e4osalv - Holistic Healing<\/title>\n<meta name=\"robots\" content=\"index, follow, max-snippet:-1, max-image-preview:large, max-video-preview:-1\" \/>\n<link rel=\"canonical\" href=\"https:\/\/healing.ee\/et\/toode\/naosalv\/\" \/>\n<meta property=\"og:locale\" content=\"et_EE\" \/>\n<meta property=\"og:type\" content=\"article\" \/>\n<meta property=\"og:title\" content=\"N\u00e4osalv - Holistic Healing\" \/>\n<meta property=\"og:description\" content=\"100% looduslik n\u00e4okreem -\u00a030 ml   Aknevastane: AHA puuviljahape koorib ja avab poorid, niatsiidamiin (B3) rahustab p\u00f5letikku ja \u00fchtlustab nahatooni, jojoba ja kanepiseemne\u00f5li tasakaalustavad rasu ja leevendavad p\u00f5letikku.  Noorendav \/ taastav: argani- ja viinamarjaseemne\u00f5li toimivad antioks\u00fcdandina, niatsiidamiin parandab tekstuuri ja v\u00e4hendab pigmenti, E-vitamiin toetab rakkude uuenemist.  S\u00fcgavniisutav ja kaitsev: gl\u00fctser\u00fc\u00fclkapr\u00fclaat ja \u00f5lid niisutavad kerge, mitterasuse kihina, mesilasvaha loob loodusliku barj\u00e4\u00e4ri, hoides niiskuse sees ja kaitstes k\u00fclma, tuule ja kuiva \u00f5hu eest.  Rahustav: kanepiseemne- ja argani\u00f5li v\u00e4hendavad punetust ja pehmendavad tundlikku nahka.   Mitte-komedogeenne: valitud \u00f5lid ei ummista poore (jojoba, argan, kanep, viinamarjaseemne\u00f5li).\" \/>\n<meta property=\"og:url\" content=\"https:\/\/healing.ee\/et\/toode\/naosalv\/\" \/>\n<meta property=\"og:site_name\" content=\"Holistic Healing\" \/>\n<meta property=\"article:publisher\" content=\"https:\/\/www.facebook.com\/holistic.healing.estonia\" \/>\n<meta property=\"article:modified_time\" content=\"2025-12-15T17:18:17+00:00\" \/>\n<meta property=\"og:image\" content=\"https:\/\/i0.wp.com\/healing.ee\/wp-content\/uploads\/2023\/12\/naosalv-1.jpg?fit=1333%2C1333&ssl=1\" \/>\n\t<meta property=\"og:image:width\" content=\"1333\" \/>\n\t<meta property=\"og:image:height\" content=\"1333\" \/>\n\t<meta property=\"og:image:type\" content=\"image\/jpeg\" \/>\n<meta name=\"twitter:card\" content=\"summary_large_image\" \/>\n<script type=\"application\/ld+json\" class=\"yoast-schema-graph\">{\"@context\":\"https:\\\/\\\/schema.org\",\"@graph\":[{\"@type\":\"WebPage\",\"@id\":\"https:\\\/\\\/healing.ee\\\/et\\\/toode\\\/naosalv\\\/\",\"url\":\"https:\\\/\\\/healing.ee\\\/et\\\/toode\\\/naosalv\\\/\",\"name\":\"N\u00e4osalv - Holistic Healing\",\"isPartOf\":{\"@id\":\"https:\\\/\\\/healing.ee\\\/et\\\/#website\"},\"primaryImageOfPage\":{\"@id\":\"https:\\\/\\\/healing.ee\\\/et\\\/toode\\\/naosalv\\\/#primaryimage\"},\"image\":{\"@id\":\"https:\\\/\\\/healing.ee\\\/et\\\/toode\\\/naosalv\\\/#primaryimage\"},\"thumbnailUrl\":\"https:\\\/\\\/i0.wp.com\\\/healing.ee\\\/wp-content\\\/uploads\\\/2023\\\/12\\\/naosalv-1.jpg?fit=1333%2C1333&ssl=1\",\"datePublished\":\"2023-12-08T10:36:16+00:00\",\"dateModified\":\"2025-12-15T17:18:17+00:00\",\"breadcrumb\":{\"@id\":\"https:\\\/\\\/healing.ee\\\/et\\\/toode\\\/naosalv\\\/#breadcrumb\"},\"inLanguage\":\"et\",\"potentialAction\":[{\"@type\":\"ReadAction\",\"target\":[\"https:\\\/\\\/healing.ee\\\/et\\\/toode\\\/naosalv\\\/\"]}]},{\"@type\":\"ImageObject\",\"inLanguage\":\"et\",\"@id\":\"https:\\\/\\\/healing.ee\\\/et\\\/toode\\\/naosalv\\\/#primaryimage\",\"url\":\"https:\\\/\\\/i0.wp.com\\\/healing.ee\\\/wp-content\\\/uploads\\\/2023\\\/12\\\/naosalv-1.jpg?fit=1333%2C1333&ssl=1\",\"contentUrl\":\"https:\\\/\\\/i0.wp.com\\\/healing.ee\\\/wp-content\\\/uploads\\\/2023\\\/12\\\/naosalv-1.jpg?fit=1333%2C1333&ssl=1\",\"width\":1333,\"height\":1333},{\"@type\":\"BreadcrumbList\",\"@id\":\"https:\\\/\\\/healing.ee\\\/et\\\/toode\\\/naosalv\\\/#breadcrumb\",\"itemListElement\":[{\"@type\":\"ListItem\",\"position\":1,\"name\":\"Home\",\"item\":\"https:\\\/\\\/healing.ee\\\/et\\\/\"},{\"@type\":\"ListItem\",\"position\":2,\"name\":\"Pood\",\"item\":\"https:\\\/\\\/healing.ee\\\/et\\\/pood\\\/\"},{\"@type\":\"ListItem\",\"position\":3,\"name\":\"N\u00e4osalv\"}]},{\"@type\":\"WebSite\",\"@id\":\"https:\\\/\\\/healing.ee\\\/et\\\/#website\",\"url\":\"https:\\\/\\\/healing.ee\\\/et\\\/\",\"name\":\"Holistic Healing\",\"description\":\"Tagasi iseendaks\",\"publisher\":{\"@id\":\"https:\\\/\\\/healing.ee\\\/et\\\/#organization\"},\"potentialAction\":[{\"@type\":\"SearchAction\",\"target\":{\"@type\":\"EntryPoint\",\"urlTemplate\":\"https:\\\/\\\/healing.ee\\\/et\\\/?s={search_term_string}\"},\"query-input\":{\"@type\":\"PropertyValueSpecification\",\"valueRequired\":true,\"valueName\":\"search_term_string\"}}],\"inLanguage\":\"et\"},{\"@type\":\"Organization\",\"@id\":\"https:\\\/\\\/healing.ee\\\/et\\\/#organization\",\"name\":\"Holistic Healing\",\"url\":\"https:\\\/\\\/healing.ee\\\/et\\\/\",\"logo\":{\"@type\":\"ImageObject\",\"inLanguage\":\"et\",\"@id\":\"https:\\\/\\\/healing.ee\\\/et\\\/#\\\/schema\\\/logo\\\/image\\\/\",\"url\":\"https:\\\/\\\/i0.wp.com\\\/healing.ee\\\/wp-content\\\/uploads\\\/2022\\\/12\\\/cropped-cropped-HH-LOGO-6-e1670997550150.jpg?fit=500%2C562&ssl=1\",\"contentUrl\":\"https:\\\/\\\/i0.wp.com\\\/healing.ee\\\/wp-content\\\/uploads\\\/2022\\\/12\\\/cropped-cropped-HH-LOGO-6-e1670997550150.jpg?fit=500%2C562&ssl=1\",\"width\":500,\"height\":562,\"caption\":\"Holistic Healing\"},\"image\":{\"@id\":\"https:\\\/\\\/healing.ee\\\/et\\\/#\\\/schema\\\/logo\\\/image\\\/\"},\"sameAs\":[\"https:\\\/\\\/www.facebook.com\\\/holistic.healing.estonia\",\"https:\\\/\\\/www.instagram.com\\\/healing.ee\\\/\"]}]}<\/script>\n<!-- \/ Yoast SEO plugin. -->","yoast_head_json":{"title":"N\u00e4osalv - Holistic Healing","robots":{"index":"index","follow":"follow","max-snippet":"max-snippet:-1","max-image-preview":"max-image-preview:large","max-video-preview":"max-video-preview:-1"},"canonical":"https:\/\/healing.ee\/et\/toode\/naosalv\/","og_locale":"et_EE","og_type":"article","og_title":"N\u00e4osalv - Holistic Healing","og_description":"100% looduslik n\u00e4okreem -\u00a030 ml   Aknevastane: AHA puuviljahape koorib ja avab poorid, niatsiidamiin (B3) rahustab p\u00f5letikku ja \u00fchtlustab nahatooni, jojoba ja kanepiseemne\u00f5li tasakaalustavad rasu ja leevendavad p\u00f5letikku.  Noorendav \/ taastav: argani- ja viinamarjaseemne\u00f5li toimivad antioks\u00fcdandina, niatsiidamiin parandab tekstuuri ja v\u00e4hendab pigmenti, E-vitamiin toetab rakkude uuenemist.  S\u00fcgavniisutav ja kaitsev: gl\u00fctser\u00fc\u00fclkapr\u00fclaat ja \u00f5lid niisutavad kerge, mitterasuse kihina, mesilasvaha loob loodusliku barj\u00e4\u00e4ri, hoides niiskuse sees ja kaitstes k\u00fclma, tuule ja kuiva \u00f5hu eest.  Rahustav: kanepiseemne- ja argani\u00f5li v\u00e4hendavad punetust ja pehmendavad tundlikku nahka.   Mitte-komedogeenne: valitud \u00f5lid ei ummista poore (jojoba, argan, kanep, viinamarjaseemne\u00f5li).","og_url":"https:\/\/healing.ee\/et\/toode\/naosalv\/","og_site_name":"Holistic Healing","article_publisher":"https:\/\/www.facebook.com\/holistic.healing.estonia","article_modified_time":"2025-12-15T17:18:17+00:00","og_image":[{"width":1333,"height":1333,"url":"https:\/\/i0.wp.com\/healing.ee\/wp-content\/uploads\/2023\/12\/naosalv-1.jpg?fit=1333%2C1333&ssl=1","type":"image\/jpeg"}],"twitter_card":"summary_large_image","schema":{"@context":"https:\/\/schema.org","@graph":[{"@type":"WebPage","@id":"https:\/\/healing.ee\/et\/toode\/naosalv\/","url":"https:\/\/healing.ee\/et\/toode\/naosalv\/","name":"N\u00e4osalv - Holistic Healing","isPartOf":{"@id":"https:\/\/healing.ee\/et\/#website"},"primaryImageOfPage":{"@id":"https:\/\/healing.ee\/et\/toode\/naosalv\/#primaryimage"},"image":{"@id":"https:\/\/healing.ee\/et\/toode\/naosalv\/#primaryimage"},"thumbnailUrl":"https:\/\/i0.wp.com\/healing.ee\/wp-content\/uploads\/2023\/12\/naosalv-1.jpg?fit=1333%2C1333&ssl=1","datePublished":"2023-12-08T10:36:16+00:00","dateModified":"2025-12-15T17:18:17+00:00","breadcrumb":{"@id":"https:\/\/healing.ee\/et\/toode\/naosalv\/#breadcrumb"},"inLanguage":"et","potentialAction":[{"@type":"ReadAction","target":["https:\/\/healing.ee\/et\/toode\/naosalv\/"]}]},{"@type":"ImageObject","inLanguage":"et","@id":"https:\/\/healing.ee\/et\/toode\/naosalv\/#primaryimage","url":"https:\/\/i0.wp.com\/healing.ee\/wp-content\/uploads\/2023\/12\/naosalv-1.jpg?fit=1333%2C1333&ssl=1","contentUrl":"https:\/\/i0.wp.com\/healing.ee\/wp-content\/uploads\/2023\/12\/naosalv-1.jpg?fit=1333%2C1333&ssl=1","width":1333,"height":1333},{"@type":"BreadcrumbList","@id":"https:\/\/healing.ee\/et\/toode\/naosalv\/#breadcrumb","itemListElement":[{"@type":"ListItem","position":1,"name":"Home","item":"https:\/\/healing.ee\/et\/"},{"@type":"ListItem","position":2,"name":"Pood","item":"https:\/\/healing.ee\/et\/pood\/"},{"@type":"ListItem","position":3,"name":"N\u00e4osalv"}]},{"@type":"WebSite","@id":"https:\/\/healing.ee\/et\/#website","url":"https:\/\/healing.ee\/et\/","name":"Holistic Healing","description":"Tagasi iseendaks","publisher":{"@id":"https:\/\/healing.ee\/et\/#organization"},"potentialAction":[{"@type":"SearchAction","target":{"@type":"EntryPoint","urlTemplate":"https:\/\/healing.ee\/et\/?s={search_term_string}"},"query-input":{"@type":"PropertyValueSpecification","valueRequired":true,"valueName":"search_term_string"}}],"inLanguage":"et"},{"@type":"Organization","@id":"https:\/\/healing.ee\/et\/#organization","name":"Holistic Healing","url":"https:\/\/healing.ee\/et\/","logo":{"@type":"ImageObject","inLanguage":"et","@id":"https:\/\/healing.ee\/et\/#\/schema\/logo\/image\/","url":"https:\/\/i0.wp.com\/healing.ee\/wp-content\/uploads\/2022\/12\/cropped-cropped-HH-LOGO-6-e1670997550150.jpg?fit=500%2C562&ssl=1","contentUrl":"https:\/\/i0.wp.com\/healing.ee\/wp-content\/uploads\/2022\/12\/cropped-cropped-HH-LOGO-6-e1670997550150.jpg?fit=500%2C562&ssl=1","width":500,"height":562,"caption":"Holistic Healing"},"image":{"@id":"https:\/\/healing.ee\/et\/#\/schema\/logo\/image\/"},"sameAs":["https:\/\/www.facebook.com\/holistic.healing.estonia","https:\/\/www.instagram.com\/healing.ee\/"]}]}},"jetpack_sharing_enabled":true,"_links":{"self":[{"href":"https:\/\/healing.ee\/et\/wp-json\/wp\/v2\/product\/4973","targetHints":{"allow":["GET"]}}],"collection":[{"href":"https:\/\/healing.ee\/et\/wp-json\/wp\/v2\/product"}],"about":[{"href":"https:\/\/healing.ee\/et\/wp-json\/wp\/v2\/types\/product"}],"version-history":[{"count":5,"href":"https:\/\/healing.ee\/et\/wp-json\/wp\/v2\/product\/4973\/revisions"}],"predecessor-version":[{"id":10697,"href":"https:\/\/healing.ee\/et\/wp-json\/wp\/v2\/product\/4973\/revisions\/10697"}],"wp:featuredmedia":[{"embeddable":true,"href":"https:\/\/healing.ee\/et\/wp-json\/wp\/v2\/media\/10658"}],"wp:attachment":[{"href":"https:\/\/healing.ee\/et\/wp-json\/wp\/v2\/media?parent=4973"}],"wp:term":[{"taxonomy":"product_brand","embeddable":true,"href":"https:\/\/healing.ee\/et\/wp-json\/wp\/v2\/product_brand?post=4973"},{"taxonomy":"product_cat","embeddable":true,"href":"https:\/\/healing.ee\/et\/wp-json\/wp\/v2\/product_cat?post=4973"},{"taxonomy":"product_tag","embeddable":true,"href":"https:\/\/healing.ee\/et\/wp-json\/wp\/v2\/product_tag?post=4973"}],"curies":[{"name":"wp","href":"https:\/\/api.w.org\/{rel}","templated":true}]}}