{"id":4338,"date":"2023-10-29T08:45:08","date_gmt":"2023-10-29T06:45:08","guid":{"rendered":"https:\/\/healing.ee\/?post_type=product&#038;p=4338"},"modified":"2025-11-29T19:09:21","modified_gmt":"2025-11-29T17:09:21","slug":"kuivshampoon","status":"publish","type":"product","link":"https:\/\/healing.ee\/et\/toode\/kuivshampoon\/","title":{"rendered":"Savi kuiv\u0161ampoon"},"content":{"rendered":"<p class=\"p1\"><b>KELLELE SOBIB: <\/b>K\u00f5igile juukset\u00fc\u00fcpidele, eriti rasustele juurtele.<\/p>\n<p class=\"p1\"><b>KASUTAMINE: <\/b>Puista v\u00e4ike kogus toodet juuksejuurtele. Seej\u00e4rel raputa juuksed l\u00e4bi lastes \u00fcleliigsel savil v\u00e4lja kukkuda. Kammi juuksed l\u00e4bi.<\/p>\n<p class=\"p1\"><span class=\"s1\"><b>KOOSTISOSAD: <\/b>100% punane Marokko Rhassoul savi.<\/span><\/p>\n<p><strong>KULU<\/strong>: Olenevalt juuste paksusest kulub \u00fche kasutuskorra kohta 1-2 g savi.<\/p>\n<p><strong>TARNE JA S\u00c4ILIVUS:<\/strong>\u00a0Valmistan tooted enamasti vastavalt tellimusele. Tarne kuni 1 n\u00e4dal.\u00a0<br data-start=\"1330\" data-end=\"1333\" \/>S\u00e4ilivus 2 aastat.<\/p>\n","protected":false},"excerpt":{"rendered":"<p>100% looduslik kuiv\u0161ampoon &#8211; 50 g<\/p>\n<p class=\"p1\"><span class=\"s1\"><b>OMADUSED:<\/b><\/span><span class=\"Apple-converted-space\"> \u00d5li imav, k<\/span>ohevust andev, rasueritust reguleeriv, rakke uuendav, pehmendav, puhastav.<span class=\"Apple-converted-space\">\u00a0<\/span><\/p>\n","protected":false},"featured_media":5095,"template":"","meta":{"site-sidebar-layout":"default","site-content-layout":"default","ast-site-content-layout":"default","site-content-style":"default","site-sidebar-style":"default","ast-global-header-display":"","ast-banner-title-visibility":"","ast-main-header-display":"","ast-hfb-above-header-display":"","ast-hfb-below-header-display":"","ast-hfb-mobile-header-display":"","site-post-title":"","ast-breadcrumbs-content":"","ast-featured-img":"","footer-sml-layout":"","ast-disable-related-posts":"","theme-transparent-header-meta":"default","adv-header-id-meta":"","stick-header-meta":"","header-above-stick-meta":"","header-main-stick-meta":"","header-below-stick-meta":"","astra-migrate-meta-layouts":"set","ast-page-background-enabled":"default","ast-page-background-meta":{"desktop":{"background-color":"var(--ast-global-color-4)","background-image":"","background-repeat":"repeat","background-position":"center center","background-size":"auto","background-attachment":"scroll","background-type":"","background-media":"","overlay-type":"","overlay-color":"","overlay-opacity":"","overlay-gradient":""},"tablet":{"background-color":"","background-image":"","background-repeat":"repeat","background-position":"center center","background-size":"auto","background-attachment":"scroll","background-type":"","background-media":"","overlay-type":"","overlay-color":"","overlay-opacity":"","overlay-gradient":""},"mobile":{"background-color":"","background-image":"","background-repeat":"repeat","background-position":"center center","background-size":"auto","background-attachment":"scroll","background-type":"","background-media":"","overlay-type":"","overlay-color":"","overlay-opacity":"","overlay-gradient":""}},"ast-content-background-meta":{"desktop":{"background-color":"var(--ast-global-color-5)","background-image":"","background-repeat":"repeat","background-position":"center center","background-size":"auto","background-attachment":"scroll","background-type":"","background-media":"","overlay-type":"","overlay-color":"","overlay-opacity":"","overlay-gradient":""},"tablet":{"background-color":"var(--ast-global-color-5)","background-image":"","background-repeat":"repeat","background-position":"center center","background-size":"auto","background-attachment":"scroll","background-type":"","background-media":"","overlay-type":"","overlay-color":"","overlay-opacity":"","overlay-gradient":""},"mobile":{"background-color":"var(--ast-global-color-5)","background-image":"","background-repeat":"repeat","background-position":"center center","background-size":"auto","background-attachment":"scroll","background-type":"","background-media":"","overlay-type":"","overlay-color":"","overlay-opacity":"","overlay-gradient":""}}},"product_brand":[],"product_cat":[58],"product_tag":[],"class_list":{"0":"post-4338","1":"product","2":"type-product","3":"status-publish","4":"has-post-thumbnail","6":"product_cat-fuusiline-et","7":"product_shipping_class-eesti-et","8":"desktop-align-left","9":"tablet-align-left","10":"mobile-align-left","12":"first","13":"instock","14":"shipping-taxable","15":"purchasable","16":"product-type-simple"},"yoast_head":"<!-- This site is optimized with the Yoast SEO plugin v27.3 - https:\/\/yoast.com\/product\/yoast-seo-wordpress\/ -->\n<title>Savi kuiv\u0161ampoon - Holistic Healing<\/title>\n<meta name=\"robots\" content=\"index, follow, max-snippet:-1, max-image-preview:large, max-video-preview:-1\" \/>\n<link rel=\"canonical\" href=\"https:\/\/healing.ee\/et\/toode\/kuivshampoon\/\" \/>\n<meta property=\"og:locale\" content=\"et_EE\" \/>\n<meta property=\"og:type\" content=\"article\" \/>\n<meta property=\"og:title\" content=\"Savi kuiv\u0161ampoon - Holistic Healing\" \/>\n<meta property=\"og:description\" content=\"100% looduslik kuiv\u0161ampoon - 50 g OMADUSED: \u00d5li imav, kohevust andev, rasueritust reguleeriv, rakke uuendav, pehmendav, puhastav.\u00a0\" \/>\n<meta property=\"og:url\" content=\"https:\/\/healing.ee\/et\/toode\/kuivshampoon\/\" \/>\n<meta property=\"og:site_name\" content=\"Holistic Healing\" \/>\n<meta property=\"article:publisher\" content=\"https:\/\/www.facebook.com\/holistic.healing.estonia\" \/>\n<meta property=\"article:modified_time\" content=\"2025-11-29T17:09:21+00:00\" \/>\n<meta property=\"og:image\" content=\"https:\/\/i0.wp.com\/healing.ee\/wp-content\/uploads\/2023\/10\/kuivsampoon.jpg?fit=1333%2C1333&ssl=1\" \/>\n\t<meta property=\"og:image:width\" content=\"1333\" \/>\n\t<meta property=\"og:image:height\" content=\"1333\" \/>\n\t<meta property=\"og:image:type\" content=\"image\/jpeg\" \/>\n<meta name=\"twitter:card\" content=\"summary_large_image\" \/>\n<script type=\"application\/ld+json\" class=\"yoast-schema-graph\">{\"@context\":\"https:\\\/\\\/schema.org\",\"@graph\":[{\"@type\":\"WebPage\",\"@id\":\"https:\\\/\\\/healing.ee\\\/et\\\/toode\\\/kuivshampoon\\\/\",\"url\":\"https:\\\/\\\/healing.ee\\\/et\\\/toode\\\/kuivshampoon\\\/\",\"name\":\"Savi kuiv\u0161ampoon - Holistic Healing\",\"isPartOf\":{\"@id\":\"https:\\\/\\\/healing.ee\\\/et\\\/#website\"},\"primaryImageOfPage\":{\"@id\":\"https:\\\/\\\/healing.ee\\\/et\\\/toode\\\/kuivshampoon\\\/#primaryimage\"},\"image\":{\"@id\":\"https:\\\/\\\/healing.ee\\\/et\\\/toode\\\/kuivshampoon\\\/#primaryimage\"},\"thumbnailUrl\":\"https:\\\/\\\/i0.wp.com\\\/healing.ee\\\/wp-content\\\/uploads\\\/2023\\\/10\\\/kuivsampoon.jpg?fit=1333%2C1333&ssl=1\",\"datePublished\":\"2023-10-29T06:45:08+00:00\",\"dateModified\":\"2025-11-29T17:09:21+00:00\",\"breadcrumb\":{\"@id\":\"https:\\\/\\\/healing.ee\\\/et\\\/toode\\\/kuivshampoon\\\/#breadcrumb\"},\"inLanguage\":\"et\",\"potentialAction\":[{\"@type\":\"ReadAction\",\"target\":[\"https:\\\/\\\/healing.ee\\\/et\\\/toode\\\/kuivshampoon\\\/\"]}]},{\"@type\":\"ImageObject\",\"inLanguage\":\"et\",\"@id\":\"https:\\\/\\\/healing.ee\\\/et\\\/toode\\\/kuivshampoon\\\/#primaryimage\",\"url\":\"https:\\\/\\\/i0.wp.com\\\/healing.ee\\\/wp-content\\\/uploads\\\/2023\\\/10\\\/kuivsampoon.jpg?fit=1333%2C1333&ssl=1\",\"contentUrl\":\"https:\\\/\\\/i0.wp.com\\\/healing.ee\\\/wp-content\\\/uploads\\\/2023\\\/10\\\/kuivsampoon.jpg?fit=1333%2C1333&ssl=1\",\"width\":1333,\"height\":1333},{\"@type\":\"BreadcrumbList\",\"@id\":\"https:\\\/\\\/healing.ee\\\/et\\\/toode\\\/kuivshampoon\\\/#breadcrumb\",\"itemListElement\":[{\"@type\":\"ListItem\",\"position\":1,\"name\":\"Home\",\"item\":\"https:\\\/\\\/healing.ee\\\/et\\\/\"},{\"@type\":\"ListItem\",\"position\":2,\"name\":\"Pood\",\"item\":\"https:\\\/\\\/healing.ee\\\/et\\\/pood\\\/\"},{\"@type\":\"ListItem\",\"position\":3,\"name\":\"Savi kuiv\u0161ampoon\"}]},{\"@type\":\"WebSite\",\"@id\":\"https:\\\/\\\/healing.ee\\\/et\\\/#website\",\"url\":\"https:\\\/\\\/healing.ee\\\/et\\\/\",\"name\":\"Holistic Healing\",\"description\":\"Tagasi iseendaks\",\"publisher\":{\"@id\":\"https:\\\/\\\/healing.ee\\\/et\\\/#organization\"},\"potentialAction\":[{\"@type\":\"SearchAction\",\"target\":{\"@type\":\"EntryPoint\",\"urlTemplate\":\"https:\\\/\\\/healing.ee\\\/et\\\/?s={search_term_string}\"},\"query-input\":{\"@type\":\"PropertyValueSpecification\",\"valueRequired\":true,\"valueName\":\"search_term_string\"}}],\"inLanguage\":\"et\"},{\"@type\":\"Organization\",\"@id\":\"https:\\\/\\\/healing.ee\\\/et\\\/#organization\",\"name\":\"Holistic Healing\",\"url\":\"https:\\\/\\\/healing.ee\\\/et\\\/\",\"logo\":{\"@type\":\"ImageObject\",\"inLanguage\":\"et\",\"@id\":\"https:\\\/\\\/healing.ee\\\/et\\\/#\\\/schema\\\/logo\\\/image\\\/\",\"url\":\"https:\\\/\\\/i0.wp.com\\\/healing.ee\\\/wp-content\\\/uploads\\\/2022\\\/12\\\/cropped-cropped-HH-LOGO-6-e1670997550150.jpg?fit=500%2C562&ssl=1\",\"contentUrl\":\"https:\\\/\\\/i0.wp.com\\\/healing.ee\\\/wp-content\\\/uploads\\\/2022\\\/12\\\/cropped-cropped-HH-LOGO-6-e1670997550150.jpg?fit=500%2C562&ssl=1\",\"width\":500,\"height\":562,\"caption\":\"Holistic Healing\"},\"image\":{\"@id\":\"https:\\\/\\\/healing.ee\\\/et\\\/#\\\/schema\\\/logo\\\/image\\\/\"},\"sameAs\":[\"https:\\\/\\\/www.facebook.com\\\/holistic.healing.estonia\",\"https:\\\/\\\/www.instagram.com\\\/healing.ee\\\/\"]}]}<\/script>\n<!-- \/ Yoast SEO plugin. -->","yoast_head_json":{"title":"Savi kuiv\u0161ampoon - Holistic Healing","robots":{"index":"index","follow":"follow","max-snippet":"max-snippet:-1","max-image-preview":"max-image-preview:large","max-video-preview":"max-video-preview:-1"},"canonical":"https:\/\/healing.ee\/et\/toode\/kuivshampoon\/","og_locale":"et_EE","og_type":"article","og_title":"Savi kuiv\u0161ampoon - Holistic Healing","og_description":"100% looduslik kuiv\u0161ampoon - 50 g OMADUSED: \u00d5li imav, kohevust andev, rasueritust reguleeriv, rakke uuendav, pehmendav, puhastav.\u00a0","og_url":"https:\/\/healing.ee\/et\/toode\/kuivshampoon\/","og_site_name":"Holistic Healing","article_publisher":"https:\/\/www.facebook.com\/holistic.healing.estonia","article_modified_time":"2025-11-29T17:09:21+00:00","og_image":[{"width":1333,"height":1333,"url":"https:\/\/i0.wp.com\/healing.ee\/wp-content\/uploads\/2023\/10\/kuivsampoon.jpg?fit=1333%2C1333&ssl=1","type":"image\/jpeg"}],"twitter_card":"summary_large_image","schema":{"@context":"https:\/\/schema.org","@graph":[{"@type":"WebPage","@id":"https:\/\/healing.ee\/et\/toode\/kuivshampoon\/","url":"https:\/\/healing.ee\/et\/toode\/kuivshampoon\/","name":"Savi kuiv\u0161ampoon - Holistic Healing","isPartOf":{"@id":"https:\/\/healing.ee\/et\/#website"},"primaryImageOfPage":{"@id":"https:\/\/healing.ee\/et\/toode\/kuivshampoon\/#primaryimage"},"image":{"@id":"https:\/\/healing.ee\/et\/toode\/kuivshampoon\/#primaryimage"},"thumbnailUrl":"https:\/\/i0.wp.com\/healing.ee\/wp-content\/uploads\/2023\/10\/kuivsampoon.jpg?fit=1333%2C1333&ssl=1","datePublished":"2023-10-29T06:45:08+00:00","dateModified":"2025-11-29T17:09:21+00:00","breadcrumb":{"@id":"https:\/\/healing.ee\/et\/toode\/kuivshampoon\/#breadcrumb"},"inLanguage":"et","potentialAction":[{"@type":"ReadAction","target":["https:\/\/healing.ee\/et\/toode\/kuivshampoon\/"]}]},{"@type":"ImageObject","inLanguage":"et","@id":"https:\/\/healing.ee\/et\/toode\/kuivshampoon\/#primaryimage","url":"https:\/\/i0.wp.com\/healing.ee\/wp-content\/uploads\/2023\/10\/kuivsampoon.jpg?fit=1333%2C1333&ssl=1","contentUrl":"https:\/\/i0.wp.com\/healing.ee\/wp-content\/uploads\/2023\/10\/kuivsampoon.jpg?fit=1333%2C1333&ssl=1","width":1333,"height":1333},{"@type":"BreadcrumbList","@id":"https:\/\/healing.ee\/et\/toode\/kuivshampoon\/#breadcrumb","itemListElement":[{"@type":"ListItem","position":1,"name":"Home","item":"https:\/\/healing.ee\/et\/"},{"@type":"ListItem","position":2,"name":"Pood","item":"https:\/\/healing.ee\/et\/pood\/"},{"@type":"ListItem","position":3,"name":"Savi kuiv\u0161ampoon"}]},{"@type":"WebSite","@id":"https:\/\/healing.ee\/et\/#website","url":"https:\/\/healing.ee\/et\/","name":"Holistic Healing","description":"Tagasi iseendaks","publisher":{"@id":"https:\/\/healing.ee\/et\/#organization"},"potentialAction":[{"@type":"SearchAction","target":{"@type":"EntryPoint","urlTemplate":"https:\/\/healing.ee\/et\/?s={search_term_string}"},"query-input":{"@type":"PropertyValueSpecification","valueRequired":true,"valueName":"search_term_string"}}],"inLanguage":"et"},{"@type":"Organization","@id":"https:\/\/healing.ee\/et\/#organization","name":"Holistic Healing","url":"https:\/\/healing.ee\/et\/","logo":{"@type":"ImageObject","inLanguage":"et","@id":"https:\/\/healing.ee\/et\/#\/schema\/logo\/image\/","url":"https:\/\/i0.wp.com\/healing.ee\/wp-content\/uploads\/2022\/12\/cropped-cropped-HH-LOGO-6-e1670997550150.jpg?fit=500%2C562&ssl=1","contentUrl":"https:\/\/i0.wp.com\/healing.ee\/wp-content\/uploads\/2022\/12\/cropped-cropped-HH-LOGO-6-e1670997550150.jpg?fit=500%2C562&ssl=1","width":500,"height":562,"caption":"Holistic Healing"},"image":{"@id":"https:\/\/healing.ee\/et\/#\/schema\/logo\/image\/"},"sameAs":["https:\/\/www.facebook.com\/holistic.healing.estonia","https:\/\/www.instagram.com\/healing.ee\/"]}]}},"jetpack_sharing_enabled":true,"_links":{"self":[{"href":"https:\/\/healing.ee\/et\/wp-json\/wp\/v2\/product\/4338","targetHints":{"allow":["GET"]}}],"collection":[{"href":"https:\/\/healing.ee\/et\/wp-json\/wp\/v2\/product"}],"about":[{"href":"https:\/\/healing.ee\/et\/wp-json\/wp\/v2\/types\/product"}],"version-history":[{"count":5,"href":"https:\/\/healing.ee\/et\/wp-json\/wp\/v2\/product\/4338\/revisions"}],"predecessor-version":[{"id":10696,"href":"https:\/\/healing.ee\/et\/wp-json\/wp\/v2\/product\/4338\/revisions\/10696"}],"wp:featuredmedia":[{"embeddable":true,"href":"https:\/\/healing.ee\/et\/wp-json\/wp\/v2\/media\/5095"}],"wp:attachment":[{"href":"https:\/\/healing.ee\/et\/wp-json\/wp\/v2\/media?parent=4338"}],"wp:term":[{"taxonomy":"product_brand","embeddable":true,"href":"https:\/\/healing.ee\/et\/wp-json\/wp\/v2\/product_brand?post=4338"},{"taxonomy":"product_cat","embeddable":true,"href":"https:\/\/healing.ee\/et\/wp-json\/wp\/v2\/product_cat?post=4338"},{"taxonomy":"product_tag","embeddable":true,"href":"https:\/\/healing.ee\/et\/wp-json\/wp\/v2\/product_tag?post=4338"}],"curies":[{"name":"wp","href":"https:\/\/api.w.org\/{rel}","templated":true}]}}