{"id":4328,"date":"2023-10-29T08:34:34","date_gmt":"2023-10-29T06:34:34","guid":{"rendered":"https:\/\/healing.ee\/?post_type=product&#038;p=4328"},"modified":"2025-12-22T08:44:49","modified_gmt":"2025-12-22T06:44:49","slug":"huulevoi","status":"publish","type":"product","link":"https:\/\/healing.ee\/en\/product\/huulevoi\/","title":{"rendered":"Lip Balm"},"content":{"rendered":"<p class=\"p1\"><b>KELLELE SOBIB: <\/b>k\u00f5ikidele, eriti kuivadele ja l\u00f5henenud huultele.<\/p>\n<p class=\"p1\"><span class=\"s1\"><b>KOOSTISOSAD: <\/b>Mesilasvaha, viinamarjaseemne\u00f5li, astelpaju\u00f5li, kakaov\u00f5i, kookosrasv, avokaado\u00f5li, argani\u00f5li, E-vitamiin, s\u00e4ilitusaine.<\/span><\/p>\n<p><strong>TARNE JA S\u00c4ILIVUS:<\/strong>\u00a0Valmistan tooted enamasti vastavalt tellimusele. Tarne kuni 1 n\u00e4dal.\u00a0<br data-start=\"1330\" data-end=\"1333\" \/>S\u00e4ilivus 6 kuud.<\/p>","protected":false},"excerpt":{"rendered":"<p>100% looduslik huulepalsam &#8211; 5 g<a href=\"https:\/\/healing.ee\/wp-content\/uploads\/2023\/10\/IMG_0274-2.heic\"><img decoding=\"async\" class=\"alignnone size-full wp-image-4289\" src=\"https:\/\/healing.ee\/wp-content\/uploads\/2023\/10\/IMG_0274-2.heic\" alt=\"\" \/><\/a><\/p>\n<ul>\n<li data-start=\"6133\" data-end=\"6186\"><strong data-start=\"6133\" data-end=\"6151\">S\u00fcgavniisutav:<\/strong> viinamarjaseemne\u00f5li, avokaado\u00f5li<\/li>\n<li data-start=\"6133\" data-end=\"6186\"><strong data-start=\"6189\" data-end=\"6212\">Kaitsev ja taastav:<\/strong> mesilasvaha<\/li>\n<li data-start=\"6133\" data-end=\"6186\"><strong data-start=\"6229\" data-end=\"6253\">Toitev ja pehmendav:<\/strong> kakaov\u00f5i, kookosrasv<\/li>\n<li data-start=\"6133\" data-end=\"6186\"><strong data-start=\"6279\" data-end=\"6310\">Antioks\u00fcdantne ja p\u00f5letikuvastane:<\/strong> astelpaju\u00f5li, argani\u00f5li, E-vitamiin<\/li>\n<\/ul>","protected":false},"featured_media":10655,"template":"","meta":{"site-sidebar-layout":"default","site-content-layout":"default","ast-site-content-layout":"default","site-content-style":"default","site-sidebar-style":"default","ast-global-header-display":"","ast-banner-title-visibility":"","ast-main-header-display":"","ast-hfb-above-header-display":"","ast-hfb-below-header-display":"","ast-hfb-mobile-header-display":"","site-post-title":"","ast-breadcrumbs-content":"","ast-featured-img":"","footer-sml-layout":"","ast-disable-related-posts":"","theme-transparent-header-meta":"default","adv-header-id-meta":"","stick-header-meta":"","header-above-stick-meta":"","header-main-stick-meta":"","header-below-stick-meta":"","astra-migrate-meta-layouts":"set","ast-page-background-enabled":"default","ast-page-background-meta":{"desktop":{"background-color":"var(--ast-global-color-4)","background-image":"","background-repeat":"repeat","background-position":"center center","background-size":"auto","background-attachment":"scroll","background-type":"","background-media":"","overlay-type":"","overlay-color":"","overlay-opacity":"","overlay-gradient":""},"tablet":{"background-color":"","background-image":"","background-repeat":"repeat","background-position":"center center","background-size":"auto","background-attachment":"scroll","background-type":"","background-media":"","overlay-type":"","overlay-color":"","overlay-opacity":"","overlay-gradient":""},"mobile":{"background-color":"","background-image":"","background-repeat":"repeat","background-position":"center center","background-size":"auto","background-attachment":"scroll","background-type":"","background-media":"","overlay-type":"","overlay-color":"","overlay-opacity":"","overlay-gradient":""}},"ast-content-background-meta":{"desktop":{"background-color":"var(--ast-global-color-5)","background-image":"","background-repeat":"repeat","background-position":"center center","background-size":"auto","background-attachment":"scroll","background-type":"","background-media":"","overlay-type":"","overlay-color":"","overlay-opacity":"","overlay-gradient":""},"tablet":{"background-color":"var(--ast-global-color-5)","background-image":"","background-repeat":"repeat","background-position":"center center","background-size":"auto","background-attachment":"scroll","background-type":"","background-media":"","overlay-type":"","overlay-color":"","overlay-opacity":"","overlay-gradient":""},"mobile":{"background-color":"var(--ast-global-color-5)","background-image":"","background-repeat":"repeat","background-position":"center center","background-size":"auto","background-attachment":"scroll","background-type":"","background-media":"","overlay-type":"","overlay-color":"","overlay-opacity":"","overlay-gradient":""}}},"product_brand":[],"product_cat":[58],"product_tag":[],"class_list":{"0":"post-4328","1":"product","2":"type-product","3":"status-publish","4":"has-post-thumbnail","6":"product_cat-fuusiline-et","7":"product_shipping_class-eesti-et","8":"desktop-align-left","9":"tablet-align-left","10":"mobile-align-left","12":"first","13":"instock","14":"shipping-taxable","15":"purchasable","16":"product-type-simple"},"yoast_head":"<!-- This site is optimized with the Yoast SEO plugin v27.3 - https:\/\/yoast.com\/product\/yoast-seo-wordpress\/ -->\n<title>Huulev\u00f5i - Holistic Healing<\/title>\n<meta name=\"robots\" content=\"index, follow, max-snippet:-1, max-image-preview:large, max-video-preview:-1\" \/>\n<link rel=\"canonical\" href=\"https:\/\/healing.ee\/en\/product\/huulevoi\/\" \/>\n<meta property=\"og:locale\" content=\"en_GB\" \/>\n<meta property=\"og:type\" content=\"article\" \/>\n<meta property=\"og:title\" content=\"Huulev\u00f5i - Holistic Healing\" \/>\n<meta property=\"og:description\" content=\"100% looduslik huulepalsam - 5 g   S\u00fcgavniisutav: viinamarjaseemne\u00f5li, avokaado\u00f5li  Kaitsev ja taastav: mesilasvaha  Toitev ja pehmendav: kakaov\u00f5i, kookosrasv  Antioks\u00fcdantne ja p\u00f5letikuvastane: astelpaju\u00f5li, argani\u00f5li, E-vitamiin\" \/>\n<meta property=\"og:url\" content=\"https:\/\/healing.ee\/en\/product\/huulevoi\/\" \/>\n<meta property=\"og:site_name\" content=\"Holistic Healing\" \/>\n<meta property=\"article:publisher\" content=\"https:\/\/www.facebook.com\/holistic.healing.estonia\" \/>\n<meta property=\"article:modified_time\" content=\"2025-12-22T06:44:49+00:00\" \/>\n<meta property=\"og:image\" content=\"https:\/\/i0.wp.com\/healing.ee\/wp-content\/uploads\/2023\/10\/huulevoi-1.jpg?fit=1333%2C1333&ssl=1\" \/>\n\t<meta property=\"og:image:width\" content=\"1333\" \/>\n\t<meta property=\"og:image:height\" content=\"1333\" \/>\n\t<meta property=\"og:image:type\" content=\"image\/jpeg\" \/>\n<meta name=\"twitter:card\" content=\"summary_large_image\" \/>\n<meta name=\"twitter:label1\" content=\"Estimated reading time\" \/>\n\t<meta name=\"twitter:data1\" content=\"1 minute\" \/>\n<script type=\"application\/ld+json\" class=\"yoast-schema-graph\">{\"@context\":\"https:\\\/\\\/schema.org\",\"@graph\":[{\"@type\":\"WebPage\",\"@id\":\"https:\\\/\\\/healing.ee\\\/en\\\/product\\\/huulevoi\\\/\",\"url\":\"https:\\\/\\\/healing.ee\\\/en\\\/product\\\/huulevoi\\\/\",\"name\":\"Huulev\u00f5i - Holistic Healing\",\"isPartOf\":{\"@id\":\"https:\\\/\\\/healing.ee\\\/et\\\/#website\"},\"primaryImageOfPage\":{\"@id\":\"https:\\\/\\\/healing.ee\\\/en\\\/product\\\/huulevoi\\\/#primaryimage\"},\"image\":{\"@id\":\"https:\\\/\\\/healing.ee\\\/en\\\/product\\\/huulevoi\\\/#primaryimage\"},\"thumbnailUrl\":\"https:\\\/\\\/i0.wp.com\\\/healing.ee\\\/wp-content\\\/uploads\\\/2023\\\/10\\\/huulevoi-1.jpg?fit=1333%2C1333&ssl=1\",\"datePublished\":\"2023-10-29T06:34:34+00:00\",\"dateModified\":\"2025-12-22T06:44:49+00:00\",\"breadcrumb\":{\"@id\":\"https:\\\/\\\/healing.ee\\\/en\\\/product\\\/huulevoi\\\/#breadcrumb\"},\"inLanguage\":\"en-GB\",\"potentialAction\":[{\"@type\":\"ReadAction\",\"target\":[\"https:\\\/\\\/healing.ee\\\/en\\\/product\\\/huulevoi\\\/\"]}]},{\"@type\":\"ImageObject\",\"inLanguage\":\"en-GB\",\"@id\":\"https:\\\/\\\/healing.ee\\\/en\\\/product\\\/huulevoi\\\/#primaryimage\",\"url\":\"https:\\\/\\\/i0.wp.com\\\/healing.ee\\\/wp-content\\\/uploads\\\/2023\\\/10\\\/huulevoi-1.jpg?fit=1333%2C1333&ssl=1\",\"contentUrl\":\"https:\\\/\\\/i0.wp.com\\\/healing.ee\\\/wp-content\\\/uploads\\\/2023\\\/10\\\/huulevoi-1.jpg?fit=1333%2C1333&ssl=1\",\"width\":1333,\"height\":1333},{\"@type\":\"BreadcrumbList\",\"@id\":\"https:\\\/\\\/healing.ee\\\/en\\\/product\\\/huulevoi\\\/#breadcrumb\",\"itemListElement\":[{\"@type\":\"ListItem\",\"position\":1,\"name\":\"Home\",\"item\":\"https:\\\/\\\/healing.ee\\\/\"},{\"@type\":\"ListItem\",\"position\":2,\"name\":\"Pood\",\"item\":\"https:\\\/\\\/healing.ee\\\/et\\\/pood\\\/\"},{\"@type\":\"ListItem\",\"position\":3,\"name\":\"Huulev\u00f5i\"}]},{\"@type\":\"WebSite\",\"@id\":\"https:\\\/\\\/healing.ee\\\/et\\\/#website\",\"url\":\"https:\\\/\\\/healing.ee\\\/et\\\/\",\"name\":\"Holistic Healing\",\"description\":\"Tagasi iseendaks\",\"publisher\":{\"@id\":\"https:\\\/\\\/healing.ee\\\/et\\\/#organization\"},\"potentialAction\":[{\"@type\":\"SearchAction\",\"target\":{\"@type\":\"EntryPoint\",\"urlTemplate\":\"https:\\\/\\\/healing.ee\\\/et\\\/?s={search_term_string}\"},\"query-input\":{\"@type\":\"PropertyValueSpecification\",\"valueRequired\":true,\"valueName\":\"search_term_string\"}}],\"inLanguage\":\"en-GB\"},{\"@type\":\"Organization\",\"@id\":\"https:\\\/\\\/healing.ee\\\/et\\\/#organization\",\"name\":\"Holistic Healing\",\"url\":\"https:\\\/\\\/healing.ee\\\/et\\\/\",\"logo\":{\"@type\":\"ImageObject\",\"inLanguage\":\"en-GB\",\"@id\":\"https:\\\/\\\/healing.ee\\\/et\\\/#\\\/schema\\\/logo\\\/image\\\/\",\"url\":\"https:\\\/\\\/i0.wp.com\\\/healing.ee\\\/wp-content\\\/uploads\\\/2022\\\/12\\\/cropped-cropped-HH-LOGO-6-e1670997550150.jpg?fit=500%2C562&ssl=1\",\"contentUrl\":\"https:\\\/\\\/i0.wp.com\\\/healing.ee\\\/wp-content\\\/uploads\\\/2022\\\/12\\\/cropped-cropped-HH-LOGO-6-e1670997550150.jpg?fit=500%2C562&ssl=1\",\"width\":500,\"height\":562,\"caption\":\"Holistic Healing\"},\"image\":{\"@id\":\"https:\\\/\\\/healing.ee\\\/et\\\/#\\\/schema\\\/logo\\\/image\\\/\"},\"sameAs\":[\"https:\\\/\\\/www.facebook.com\\\/holistic.healing.estonia\",\"https:\\\/\\\/www.instagram.com\\\/healing.ee\\\/\"]}]}<\/script>\n<!-- \/ Yoast SEO plugin. -->","yoast_head_json":{"title":"Huulev\u00f5i - Holistic Healing","robots":{"index":"index","follow":"follow","max-snippet":"max-snippet:-1","max-image-preview":"max-image-preview:large","max-video-preview":"max-video-preview:-1"},"canonical":"https:\/\/healing.ee\/en\/product\/huulevoi\/","og_locale":"en_GB","og_type":"article","og_title":"Huulev\u00f5i - Holistic Healing","og_description":"100% looduslik huulepalsam - 5 g   S\u00fcgavniisutav: viinamarjaseemne\u00f5li, avokaado\u00f5li  Kaitsev ja taastav: mesilasvaha  Toitev ja pehmendav: kakaov\u00f5i, kookosrasv  Antioks\u00fcdantne ja p\u00f5letikuvastane: astelpaju\u00f5li, argani\u00f5li, E-vitamiin","og_url":"https:\/\/healing.ee\/en\/product\/huulevoi\/","og_site_name":"Holistic Healing","article_publisher":"https:\/\/www.facebook.com\/holistic.healing.estonia","article_modified_time":"2025-12-22T06:44:49+00:00","og_image":[{"width":1333,"height":1333,"url":"https:\/\/i0.wp.com\/healing.ee\/wp-content\/uploads\/2023\/10\/huulevoi-1.jpg?fit=1333%2C1333&ssl=1","type":"image\/jpeg"}],"twitter_card":"summary_large_image","twitter_misc":{"Estimated reading time":"1 minute"},"schema":{"@context":"https:\/\/schema.org","@graph":[{"@type":"WebPage","@id":"https:\/\/healing.ee\/en\/product\/huulevoi\/","url":"https:\/\/healing.ee\/en\/product\/huulevoi\/","name":"Huulev\u00f5i - Holistic Healing","isPartOf":{"@id":"https:\/\/healing.ee\/et\/#website"},"primaryImageOfPage":{"@id":"https:\/\/healing.ee\/en\/product\/huulevoi\/#primaryimage"},"image":{"@id":"https:\/\/healing.ee\/en\/product\/huulevoi\/#primaryimage"},"thumbnailUrl":"https:\/\/i0.wp.com\/healing.ee\/wp-content\/uploads\/2023\/10\/huulevoi-1.jpg?fit=1333%2C1333&ssl=1","datePublished":"2023-10-29T06:34:34+00:00","dateModified":"2025-12-22T06:44:49+00:00","breadcrumb":{"@id":"https:\/\/healing.ee\/en\/product\/huulevoi\/#breadcrumb"},"inLanguage":"en-GB","potentialAction":[{"@type":"ReadAction","target":["https:\/\/healing.ee\/en\/product\/huulevoi\/"]}]},{"@type":"ImageObject","inLanguage":"en-GB","@id":"https:\/\/healing.ee\/en\/product\/huulevoi\/#primaryimage","url":"https:\/\/i0.wp.com\/healing.ee\/wp-content\/uploads\/2023\/10\/huulevoi-1.jpg?fit=1333%2C1333&ssl=1","contentUrl":"https:\/\/i0.wp.com\/healing.ee\/wp-content\/uploads\/2023\/10\/huulevoi-1.jpg?fit=1333%2C1333&ssl=1","width":1333,"height":1333},{"@type":"BreadcrumbList","@id":"https:\/\/healing.ee\/en\/product\/huulevoi\/#breadcrumb","itemListElement":[{"@type":"ListItem","position":1,"name":"Home","item":"https:\/\/healing.ee\/"},{"@type":"ListItem","position":2,"name":"Pood","item":"https:\/\/healing.ee\/et\/pood\/"},{"@type":"ListItem","position":3,"name":"Huulev\u00f5i"}]},{"@type":"WebSite","@id":"https:\/\/healing.ee\/et\/#website","url":"https:\/\/healing.ee\/et\/","name":"Holistic Healing","description":"Back to yourself","publisher":{"@id":"https:\/\/healing.ee\/et\/#organization"},"potentialAction":[{"@type":"SearchAction","target":{"@type":"EntryPoint","urlTemplate":"https:\/\/healing.ee\/et\/?s={search_term_string}"},"query-input":{"@type":"PropertyValueSpecification","valueRequired":true,"valueName":"search_term_string"}}],"inLanguage":"en-GB"},{"@type":"Organization","@id":"https:\/\/healing.ee\/et\/#organization","name":"Holistic Healing","url":"https:\/\/healing.ee\/et\/","logo":{"@type":"ImageObject","inLanguage":"en-GB","@id":"https:\/\/healing.ee\/et\/#\/schema\/logo\/image\/","url":"https:\/\/i0.wp.com\/healing.ee\/wp-content\/uploads\/2022\/12\/cropped-cropped-HH-LOGO-6-e1670997550150.jpg?fit=500%2C562&ssl=1","contentUrl":"https:\/\/i0.wp.com\/healing.ee\/wp-content\/uploads\/2022\/12\/cropped-cropped-HH-LOGO-6-e1670997550150.jpg?fit=500%2C562&ssl=1","width":500,"height":562,"caption":"Holistic Healing"},"image":{"@id":"https:\/\/healing.ee\/et\/#\/schema\/logo\/image\/"},"sameAs":["https:\/\/www.facebook.com\/holistic.healing.estonia","https:\/\/www.instagram.com\/healing.ee\/"]}]}},"jetpack_sharing_enabled":true,"_links":{"self":[{"href":"https:\/\/healing.ee\/en\/wp-json\/wp\/v2\/product\/4328","targetHints":{"allow":["GET"]}}],"collection":[{"href":"https:\/\/healing.ee\/en\/wp-json\/wp\/v2\/product"}],"about":[{"href":"https:\/\/healing.ee\/en\/wp-json\/wp\/v2\/types\/product"}],"version-history":[{"count":5,"href":"https:\/\/healing.ee\/en\/wp-json\/wp\/v2\/product\/4328\/revisions"}],"predecessor-version":[{"id":10803,"href":"https:\/\/healing.ee\/en\/wp-json\/wp\/v2\/product\/4328\/revisions\/10803"}],"wp:featuredmedia":[{"embeddable":true,"href":"https:\/\/healing.ee\/en\/wp-json\/wp\/v2\/media\/10655"}],"wp:attachment":[{"href":"https:\/\/healing.ee\/en\/wp-json\/wp\/v2\/media?parent=4328"}],"wp:term":[{"taxonomy":"product_brand","embeddable":true,"href":"https:\/\/healing.ee\/en\/wp-json\/wp\/v2\/product_brand?post=4328"},{"taxonomy":"product_cat","embeddable":true,"href":"https:\/\/healing.ee\/en\/wp-json\/wp\/v2\/product_cat?post=4328"},{"taxonomy":"product_tag","embeddable":true,"href":"https:\/\/healing.ee\/en\/wp-json\/wp\/v2\/product_tag?post=4328"}],"curies":[{"name":"wp","href":"https:\/\/api.w.org\/{rel}","templated":true}]}}