{"id":4288,"date":"2023-10-28T07:59:25","date_gmt":"2023-10-28T04:59:25","guid":{"rendered":"https:\/\/healing.ee\/?post_type=product&#038;p=4288"},"modified":"2026-01-02T13:16:07","modified_gmt":"2026-01-02T11:16:07","slug":"seep","status":"publish","type":"product","link":"https:\/\/healing.ee\/en\/product\/seep\/","title":{"rendered":"Seep juustele, n\u00e4ole, kehale"},"content":{"rendered":"<p class=\"p1\"><b>KELLELE SOBIB:<br \/>\n<\/b><\/p>\n<ul>\n<li data-start=\"4469\" data-end=\"4509\">k\u00f5ikidele nahat\u00fc\u00fcpidele, ka tundlikule &#8211; sh. dermatiit<\/li>\n<li data-start=\"4469\" data-end=\"4509\">normaalsetele kuni kergelt kuivadele juustele. Rasuste juuste korral tuleks pesta kaks korda.<\/li>\n<\/ul>\n<p class=\"p1\"><b>USE: <\/b>Niisuta nahk \/ juuksed. H\u00f5\u00f5ru seebipala k\u00e4te vahel v\u00f5i otse nahale \/ juustesse kuni tekib vaht. Juuste puhul lase umbes minut toimida, seej\u00e4rel loputa. <b>Hallituse v\u00e4ltimiseks lasta palal kindlasti kuivada!<\/b><\/p>\n<p class=\"p1\"><span class=\"s1\"><b>KOOSTISOSAD: <\/b>Jojoba\u00f5li, kanepiseemne\u00f5li, kookosrasv, kaoliinsavi, SCI (kookosp\u00f5hine pesuaine), kokamidoprop\u00fc\u00fcl-betaiin (kookosp\u00f5hine antistaatik), nooljuure jahu, s\u00e4ilitusaine.<\/span><\/p>\n<p><strong>KULU<\/strong>: Olenevalt juuste pikkusest ja paksusest kulub \u00fche kasutuskorra kohta 1-3 g toodet.<\/p>\n<p><strong>TARNE JA S\u00c4ILIVUS:<\/strong>\u00a0Valmistan tooted enamasti vastavalt tellimusele. Tarne kuni 1 n\u00e4dal.\u00a0<br data-start=\"1330\" data-end=\"1333\" \/>S\u00e4ilivus 6 kuud.<\/p>","protected":false},"excerpt":{"rendered":"<p>100% looduslik universaalne seep<\/p>\n<ul>\n<li data-start=\"4112\" data-end=\"4138\">Pehme, mitmeotstarbeline<\/li>\n<li data-start=\"4112\" data-end=\"4138\">\u00d5rn tundlikule nahale, ei \u00e4rrita &#8211; pH 5,6.<\/li>\n<li data-start=\"4112\" data-end=\"4138\">Sobib puhastamiseks nii kehale, n\u00e4ole kui juustele<\/li>\n<li data-start=\"4112\" data-end=\"4138\">Niisutava toimega<\/li>\n<li data-start=\"4112\" data-end=\"4138\">Jojoba ja kanepi\u00f5li j\u00e4tavad naha pehmeks, toidetuks ja elastseks<\/li>\n<li data-start=\"4112\" data-end=\"4138\">Kaoliinisavi eemaldab mustuse ilma nahka kuivaks t\u00f5mbamata<\/li>\n<li data-start=\"4112\" data-end=\"4138\">SCI tagab siidise vahu ja \u00f5rna pesu<\/li>\n<li data-start=\"4112\" data-end=\"4138\">Betaiin ja maisit\u00e4rklis rahustavad ja matistavad, j\u00e4ttes naha puhta ja v\u00e4rske<\/li>\n<\/ul>","protected":false},"featured_media":10635,"template":"","meta":{"site-sidebar-layout":"default","site-content-layout":"default","ast-site-content-layout":"default","site-content-style":"default","site-sidebar-style":"default","ast-global-header-display":"","ast-banner-title-visibility":"","ast-main-header-display":"","ast-hfb-above-header-display":"","ast-hfb-below-header-display":"","ast-hfb-mobile-header-display":"","site-post-title":"","ast-breadcrumbs-content":"","ast-featured-img":"","footer-sml-layout":"","ast-disable-related-posts":"","theme-transparent-header-meta":"default","adv-header-id-meta":"","stick-header-meta":"","header-above-stick-meta":"","header-main-stick-meta":"","header-below-stick-meta":"","astra-migrate-meta-layouts":"set","ast-page-background-enabled":"default","ast-page-background-meta":{"desktop":{"background-color":"var(--ast-global-color-4)","background-image":"","background-repeat":"repeat","background-position":"center center","background-size":"auto","background-attachment":"scroll","background-type":"","background-media":"","overlay-type":"","overlay-color":"","overlay-opacity":"","overlay-gradient":""},"tablet":{"background-color":"","background-image":"","background-repeat":"repeat","background-position":"center center","background-size":"auto","background-attachment":"scroll","background-type":"","background-media":"","overlay-type":"","overlay-color":"","overlay-opacity":"","overlay-gradient":""},"mobile":{"background-color":"","background-image":"","background-repeat":"repeat","background-position":"center center","background-size":"auto","background-attachment":"scroll","background-type":"","background-media":"","overlay-type":"","overlay-color":"","overlay-opacity":"","overlay-gradient":""}},"ast-content-background-meta":{"desktop":{"background-color":"var(--ast-global-color-5)","background-image":"","background-repeat":"repeat","background-position":"center center","background-size":"auto","background-attachment":"scroll","background-type":"","background-media":"","overlay-type":"","overlay-color":"","overlay-opacity":"","overlay-gradient":""},"tablet":{"background-color":"var(--ast-global-color-5)","background-image":"","background-repeat":"repeat","background-position":"center center","background-size":"auto","background-attachment":"scroll","background-type":"","background-media":"","overlay-type":"","overlay-color":"","overlay-opacity":"","overlay-gradient":""},"mobile":{"background-color":"var(--ast-global-color-5)","background-image":"","background-repeat":"repeat","background-position":"center center","background-size":"auto","background-attachment":"scroll","background-type":"","background-media":"","overlay-type":"","overlay-color":"","overlay-opacity":"","overlay-gradient":""}}},"product_brand":[],"product_cat":[58],"product_tag":[],"class_list":{"0":"post-4288","1":"product","2":"type-product","3":"status-publish","4":"has-post-thumbnail","6":"product_cat-fuusiline-et","7":"product_shipping_class-eesti-et","8":"desktop-align-left","9":"tablet-align-left","10":"mobile-align-left","12":"first","13":"instock","14":"shipping-taxable","15":"purchasable","16":"product-type-variable"},"yoast_head":"<!-- This site is optimized with the Yoast SEO plugin v27.3 - https:\/\/yoast.com\/product\/yoast-seo-wordpress\/ -->\n<title>Seep juustele, n\u00e4ole, kehale - Holistic Healing<\/title>\n<meta name=\"robots\" content=\"index, follow, max-snippet:-1, max-image-preview:large, max-video-preview:-1\" \/>\n<link rel=\"canonical\" href=\"https:\/\/healing.ee\/en\/product\/seep\/\" \/>\n<meta property=\"og:locale\" content=\"en_GB\" \/>\n<meta property=\"og:type\" content=\"article\" \/>\n<meta property=\"og:title\" content=\"Seep juustele, n\u00e4ole, kehale - Holistic Healing\" \/>\n<meta property=\"og:description\" content=\"100% looduslik universaalne seep   Pehme, mitmeotstarbeline  \u00d5rn tundlikule nahale, ei \u00e4rrita - pH 5,6.  Sobib puhastamiseks nii kehale, n\u00e4ole kui juustele  Niisutava toimega  Jojoba ja kanepi\u00f5li j\u00e4tavad naha pehmeks, toidetuks ja elastseks  Kaoliinisavi eemaldab mustuse ilma nahka kuivaks t\u00f5mbamata  SCI tagab siidise vahu ja \u00f5rna pesu  Betaiin ja maisit\u00e4rklis rahustavad ja matistavad, j\u00e4ttes naha puhta ja v\u00e4rske\" \/>\n<meta property=\"og:url\" content=\"https:\/\/healing.ee\/en\/product\/seep\/\" \/>\n<meta property=\"og:site_name\" content=\"Holistic Healing\" \/>\n<meta property=\"article:publisher\" content=\"https:\/\/www.facebook.com\/holistic.healing.estonia\" \/>\n<meta property=\"article:modified_time\" content=\"2026-01-02T11:16:07+00:00\" \/>\n<meta property=\"og:image\" content=\"https:\/\/i0.wp.com\/healing.ee\/wp-content\/uploads\/2023\/10\/seep-kombo-1.jpg?fit=1333%2C1333&ssl=1\" \/>\n\t<meta property=\"og:image:width\" content=\"1333\" \/>\n\t<meta property=\"og:image:height\" content=\"1333\" \/>\n\t<meta property=\"og:image:type\" content=\"image\/jpeg\" \/>\n<meta name=\"twitter:card\" content=\"summary_large_image\" \/>\n<meta name=\"twitter:label1\" content=\"Estimated reading time\" \/>\n\t<meta name=\"twitter:data1\" content=\"1 minute\" \/>\n<script type=\"application\/ld+json\" class=\"yoast-schema-graph\">{\"@context\":\"https:\\\/\\\/schema.org\",\"@graph\":[{\"@type\":\"WebPage\",\"@id\":\"https:\\\/\\\/healing.ee\\\/et\\\/toode\\\/seep\\\/\",\"url\":\"https:\\\/\\\/healing.ee\\\/et\\\/toode\\\/seep\\\/\",\"name\":\"Seep juustele, n\u00e4ole, kehale - Holistic Healing\",\"isPartOf\":{\"@id\":\"https:\\\/\\\/healing.ee\\\/et\\\/#website\"},\"primaryImageOfPage\":{\"@id\":\"https:\\\/\\\/healing.ee\\\/et\\\/toode\\\/seep\\\/#primaryimage\"},\"image\":{\"@id\":\"https:\\\/\\\/healing.ee\\\/et\\\/toode\\\/seep\\\/#primaryimage\"},\"thumbnailUrl\":\"https:\\\/\\\/i0.wp.com\\\/healing.ee\\\/wp-content\\\/uploads\\\/2023\\\/10\\\/seep-kombo-1.jpg?fit=1333%2C1333&ssl=1\",\"datePublished\":\"2023-10-28T04:59:25+00:00\",\"dateModified\":\"2026-01-02T11:16:07+00:00\",\"breadcrumb\":{\"@id\":\"https:\\\/\\\/healing.ee\\\/et\\\/toode\\\/seep\\\/#breadcrumb\"},\"inLanguage\":\"en-GB\",\"potentialAction\":[{\"@type\":\"ReadAction\",\"target\":[\"https:\\\/\\\/healing.ee\\\/et\\\/toode\\\/seep\\\/\"]}]},{\"@type\":\"ImageObject\",\"inLanguage\":\"en-GB\",\"@id\":\"https:\\\/\\\/healing.ee\\\/et\\\/toode\\\/seep\\\/#primaryimage\",\"url\":\"https:\\\/\\\/i0.wp.com\\\/healing.ee\\\/wp-content\\\/uploads\\\/2023\\\/10\\\/seep-kombo-1.jpg?fit=1333%2C1333&ssl=1\",\"contentUrl\":\"https:\\\/\\\/i0.wp.com\\\/healing.ee\\\/wp-content\\\/uploads\\\/2023\\\/10\\\/seep-kombo-1.jpg?fit=1333%2C1333&ssl=1\",\"width\":1333,\"height\":1333},{\"@type\":\"BreadcrumbList\",\"@id\":\"https:\\\/\\\/healing.ee\\\/et\\\/toode\\\/seep\\\/#breadcrumb\",\"itemListElement\":[{\"@type\":\"ListItem\",\"position\":1,\"name\":\"Home\",\"item\":\"https:\\\/\\\/healing.ee\\\/\"},{\"@type\":\"ListItem\",\"position\":2,\"name\":\"Pood\",\"item\":\"https:\\\/\\\/healing.ee\\\/et\\\/pood\\\/\"},{\"@type\":\"ListItem\",\"position\":3,\"name\":\"Seep juustele, n\u00e4ole, kehale\"}]},{\"@type\":\"WebSite\",\"@id\":\"https:\\\/\\\/healing.ee\\\/et\\\/#website\",\"url\":\"https:\\\/\\\/healing.ee\\\/et\\\/\",\"name\":\"Holistic Healing\",\"description\":\"Tagasi iseendaks\",\"publisher\":{\"@id\":\"https:\\\/\\\/healing.ee\\\/et\\\/#organization\"},\"potentialAction\":[{\"@type\":\"SearchAction\",\"target\":{\"@type\":\"EntryPoint\",\"urlTemplate\":\"https:\\\/\\\/healing.ee\\\/et\\\/?s={search_term_string}\"},\"query-input\":{\"@type\":\"PropertyValueSpecification\",\"valueRequired\":true,\"valueName\":\"search_term_string\"}}],\"inLanguage\":\"en-GB\"},{\"@type\":\"Organization\",\"@id\":\"https:\\\/\\\/healing.ee\\\/et\\\/#organization\",\"name\":\"Holistic Healing\",\"url\":\"https:\\\/\\\/healing.ee\\\/et\\\/\",\"logo\":{\"@type\":\"ImageObject\",\"inLanguage\":\"en-GB\",\"@id\":\"https:\\\/\\\/healing.ee\\\/et\\\/#\\\/schema\\\/logo\\\/image\\\/\",\"url\":\"https:\\\/\\\/i0.wp.com\\\/healing.ee\\\/wp-content\\\/uploads\\\/2022\\\/12\\\/cropped-cropped-HH-LOGO-6-e1670997550150.jpg?fit=500%2C562&ssl=1\",\"contentUrl\":\"https:\\\/\\\/i0.wp.com\\\/healing.ee\\\/wp-content\\\/uploads\\\/2022\\\/12\\\/cropped-cropped-HH-LOGO-6-e1670997550150.jpg?fit=500%2C562&ssl=1\",\"width\":500,\"height\":562,\"caption\":\"Holistic Healing\"},\"image\":{\"@id\":\"https:\\\/\\\/healing.ee\\\/et\\\/#\\\/schema\\\/logo\\\/image\\\/\"},\"sameAs\":[\"https:\\\/\\\/www.facebook.com\\\/holistic.healing.estonia\",\"https:\\\/\\\/www.instagram.com\\\/healing.ee\\\/\"]}]}<\/script>\n<!-- \/ Yoast SEO plugin. -->","yoast_head_json":{"title":"Seep juustele, n\u00e4ole, kehale - Holistic Healing","robots":{"index":"index","follow":"follow","max-snippet":"max-snippet:-1","max-image-preview":"max-image-preview:large","max-video-preview":"max-video-preview:-1"},"canonical":"https:\/\/healing.ee\/en\/product\/seep\/","og_locale":"en_GB","og_type":"article","og_title":"Seep juustele, n\u00e4ole, kehale - Holistic Healing","og_description":"100% looduslik universaalne seep   Pehme, mitmeotstarbeline  \u00d5rn tundlikule nahale, ei \u00e4rrita - pH 5,6.  Sobib puhastamiseks nii kehale, n\u00e4ole kui juustele  Niisutava toimega  Jojoba ja kanepi\u00f5li j\u00e4tavad naha pehmeks, toidetuks ja elastseks  Kaoliinisavi eemaldab mustuse ilma nahka kuivaks t\u00f5mbamata  SCI tagab siidise vahu ja \u00f5rna pesu  Betaiin ja maisit\u00e4rklis rahustavad ja matistavad, j\u00e4ttes naha puhta ja v\u00e4rske","og_url":"https:\/\/healing.ee\/en\/product\/seep\/","og_site_name":"Holistic Healing","article_publisher":"https:\/\/www.facebook.com\/holistic.healing.estonia","article_modified_time":"2026-01-02T11:16:07+00:00","og_image":[{"width":1333,"height":1333,"url":"https:\/\/i0.wp.com\/healing.ee\/wp-content\/uploads\/2023\/10\/seep-kombo-1.jpg?fit=1333%2C1333&ssl=1","type":"image\/jpeg"}],"twitter_card":"summary_large_image","twitter_misc":{"Estimated reading time":"1 minute"},"schema":{"@context":"https:\/\/schema.org","@graph":[{"@type":"WebPage","@id":"https:\/\/healing.ee\/et\/toode\/seep\/","url":"https:\/\/healing.ee\/et\/toode\/seep\/","name":"Seep juustele, n\u00e4ole, kehale - Holistic Healing","isPartOf":{"@id":"https:\/\/healing.ee\/et\/#website"},"primaryImageOfPage":{"@id":"https:\/\/healing.ee\/et\/toode\/seep\/#primaryimage"},"image":{"@id":"https:\/\/healing.ee\/et\/toode\/seep\/#primaryimage"},"thumbnailUrl":"https:\/\/i0.wp.com\/healing.ee\/wp-content\/uploads\/2023\/10\/seep-kombo-1.jpg?fit=1333%2C1333&ssl=1","datePublished":"2023-10-28T04:59:25+00:00","dateModified":"2026-01-02T11:16:07+00:00","breadcrumb":{"@id":"https:\/\/healing.ee\/et\/toode\/seep\/#breadcrumb"},"inLanguage":"en-GB","potentialAction":[{"@type":"ReadAction","target":["https:\/\/healing.ee\/et\/toode\/seep\/"]}]},{"@type":"ImageObject","inLanguage":"en-GB","@id":"https:\/\/healing.ee\/et\/toode\/seep\/#primaryimage","url":"https:\/\/i0.wp.com\/healing.ee\/wp-content\/uploads\/2023\/10\/seep-kombo-1.jpg?fit=1333%2C1333&ssl=1","contentUrl":"https:\/\/i0.wp.com\/healing.ee\/wp-content\/uploads\/2023\/10\/seep-kombo-1.jpg?fit=1333%2C1333&ssl=1","width":1333,"height":1333},{"@type":"BreadcrumbList","@id":"https:\/\/healing.ee\/et\/toode\/seep\/#breadcrumb","itemListElement":[{"@type":"ListItem","position":1,"name":"Home","item":"https:\/\/healing.ee\/"},{"@type":"ListItem","position":2,"name":"Pood","item":"https:\/\/healing.ee\/et\/pood\/"},{"@type":"ListItem","position":3,"name":"Seep juustele, n\u00e4ole, kehale"}]},{"@type":"WebSite","@id":"https:\/\/healing.ee\/et\/#website","url":"https:\/\/healing.ee\/et\/","name":"Holistic Healing","description":"Back to yourself","publisher":{"@id":"https:\/\/healing.ee\/et\/#organization"},"potentialAction":[{"@type":"SearchAction","target":{"@type":"EntryPoint","urlTemplate":"https:\/\/healing.ee\/et\/?s={search_term_string}"},"query-input":{"@type":"PropertyValueSpecification","valueRequired":true,"valueName":"search_term_string"}}],"inLanguage":"en-GB"},{"@type":"Organization","@id":"https:\/\/healing.ee\/et\/#organization","name":"Holistic Healing","url":"https:\/\/healing.ee\/et\/","logo":{"@type":"ImageObject","inLanguage":"en-GB","@id":"https:\/\/healing.ee\/et\/#\/schema\/logo\/image\/","url":"https:\/\/i0.wp.com\/healing.ee\/wp-content\/uploads\/2022\/12\/cropped-cropped-HH-LOGO-6-e1670997550150.jpg?fit=500%2C562&ssl=1","contentUrl":"https:\/\/i0.wp.com\/healing.ee\/wp-content\/uploads\/2022\/12\/cropped-cropped-HH-LOGO-6-e1670997550150.jpg?fit=500%2C562&ssl=1","width":500,"height":562,"caption":"Holistic Healing"},"image":{"@id":"https:\/\/healing.ee\/et\/#\/schema\/logo\/image\/"},"sameAs":["https:\/\/www.facebook.com\/holistic.healing.estonia","https:\/\/www.instagram.com\/healing.ee\/"]}]}},"jetpack_sharing_enabled":true,"_links":{"self":[{"href":"https:\/\/healing.ee\/en\/wp-json\/wp\/v2\/product\/4288","targetHints":{"allow":["GET"]}}],"collection":[{"href":"https:\/\/healing.ee\/en\/wp-json\/wp\/v2\/product"}],"about":[{"href":"https:\/\/healing.ee\/en\/wp-json\/wp\/v2\/types\/product"}],"version-history":[{"count":5,"href":"https:\/\/healing.ee\/en\/wp-json\/wp\/v2\/product\/4288\/revisions"}],"predecessor-version":[{"id":11065,"href":"https:\/\/healing.ee\/en\/wp-json\/wp\/v2\/product\/4288\/revisions\/11065"}],"wp:featuredmedia":[{"embeddable":true,"href":"https:\/\/healing.ee\/en\/wp-json\/wp\/v2\/media\/10635"}],"wp:attachment":[{"href":"https:\/\/healing.ee\/en\/wp-json\/wp\/v2\/media?parent=4288"}],"wp:term":[{"taxonomy":"product_brand","embeddable":true,"href":"https:\/\/healing.ee\/en\/wp-json\/wp\/v2\/product_brand?post=4288"},{"taxonomy":"product_cat","embeddable":true,"href":"https:\/\/healing.ee\/en\/wp-json\/wp\/v2\/product_cat?post=4288"},{"taxonomy":"product_tag","embeddable":true,"href":"https:\/\/healing.ee\/en\/wp-json\/wp\/v2\/product_tag?post=4288"}],"curies":[{"name":"wp","href":"https:\/\/api.w.org\/{rel}","templated":true}]}}