{"id":10659,"date":"2025-11-29T14:05:05","date_gmt":"2025-11-29T12:05:05","guid":{"rendered":"https:\/\/healing.ee\/?post_type=product&#038;p=10659"},"modified":"2026-01-02T13:15:33","modified_gmt":"2026-01-02T11:15:33","slug":"mg-sampoon","status":"publish","type":"product","link":"https:\/\/healing.ee\/en\/product\/mg-sampoon\/","title":{"rendered":"Tahke \u0161ampoon magneesiumiga"},"content":{"rendered":"<p class=\"p1\"><b>KELLELE SOBIB:<br \/>\n<\/b><\/p>\n<ul>\n<li data-start=\"3766\" data-end=\"3788\">tundliku peanaha korral<\/li>\n<li data-start=\"3766\" data-end=\"3788\">juuste v\u00e4ljalangemise korral<\/li>\n<li data-start=\"3766\" data-end=\"3788\">rasuse v\u00f5i normaalse peanaha tasakaalustamiseks<\/li>\n<li data-start=\"3766\" data-end=\"3788\">kuivadele juukseotstele (ei kuivata)<\/li>\n<\/ul>\n<p class=\"p1\"><b>USE: <\/b>Niisuta juuksed, h\u00f5\u00f5ru \u0161ampoonipala k\u00e4te vahel v\u00f5i otse juustesse kuni tekib vaht. Lase umbes minut toimida, seej\u00e4rel loputa. <b>Hallituse v\u00e4ltimiseks lasta palal kindlasti kuivada!<\/b><\/p>\n<p class=\"p1\"><span class=\"s1\"><b>KOOSTISOSAD: <\/b>Jojoba\u00f5li, kanepiseemne\u00f5li, kookosrasv, kaoliinsavi, SCI (kookosp\u00f5hine pesuaine), kokamidoprop\u00fc\u00fcl-betaiin (kookosp\u00f5hine antistaatik), nooljuure jahu, s\u00e4ilitusaine, magneesiumkloriid.<\/span><\/p>\n<p><strong>KULU<\/strong>: Olenevalt juuste pikkusest ja paksusest kulub \u00fche kasutuskorra kohta 1-3 g toodet.<\/p>\n<p><strong>TARNE JA S\u00c4ILIVUS:<\/strong>\u00a0Valmistan tooted enamasti vastavalt tellimusele. Tarne kuni 1 n\u00e4dal.\u00a0<br data-start=\"1330\" data-end=\"1333\" \/>S\u00e4ilivus 6 kuud.<\/p>","protected":false},"excerpt":{"rendered":"<p>100% looduslik magneesiumiga rikastatud tahke \u0161ampoon juustele<\/p>\n<ul>\n<li><strong>Magneesium<\/strong> tervendab k\u00f5iki rakke ja uuendab juuksejuuri aktiveerides seel\u00e4bi karvakasvu<\/li>\n<li data-start=\"3316\" data-end=\"3360\"><strong>Jojoba<\/strong> made from my own <strong>kanepi\u00f5li<\/strong> niisutavad ja rahustavad peanahka<\/li>\n<li data-start=\"3316\" data-end=\"3360\"><strong>Kaoliinsavi<\/strong> tasakaalustab rasueritust ja puhastab \u00f5rnalt<\/li>\n<li data-start=\"3316\" data-end=\"3360\"><strong>Betaiin<\/strong> on antistaatiline, hoiab niiskust ja v\u00e4hendab \u00e4rritust<\/li>\n<li data-start=\"3316\" data-end=\"3360\"><strong>SCI<\/strong> loob rikkaliku, siidise puhastava vahu, ilma nahka ega juukseid kuivatamata<\/li>\n<\/ul>","protected":false},"featured_media":10662,"template":"","meta":{"site-sidebar-layout":"default","site-content-layout":"default","ast-site-content-layout":"default","site-content-style":"default","site-sidebar-style":"default","ast-global-header-display":"","ast-banner-title-visibility":"","ast-main-header-display":"","ast-hfb-above-header-display":"","ast-hfb-below-header-display":"","ast-hfb-mobile-header-display":"","site-post-title":"","ast-breadcrumbs-content":"","ast-featured-img":"","footer-sml-layout":"","ast-disable-related-posts":"","theme-transparent-header-meta":"default","adv-header-id-meta":"","stick-header-meta":"","header-above-stick-meta":"","header-main-stick-meta":"","header-below-stick-meta":"","astra-migrate-meta-layouts":"set","ast-page-background-enabled":"default","ast-page-background-meta":{"desktop":{"background-color":"var(--ast-global-color-4)","background-image":"","background-repeat":"repeat","background-position":"center center","background-size":"auto","background-attachment":"scroll","background-type":"","background-media":"","overlay-type":"","overlay-color":"","overlay-opacity":"","overlay-gradient":""},"tablet":{"background-color":"","background-image":"","background-repeat":"repeat","background-position":"center center","background-size":"auto","background-attachment":"scroll","background-type":"","background-media":"","overlay-type":"","overlay-color":"","overlay-opacity":"","overlay-gradient":""},"mobile":{"background-color":"","background-image":"","background-repeat":"repeat","background-position":"center center","background-size":"auto","background-attachment":"scroll","background-type":"","background-media":"","overlay-type":"","overlay-color":"","overlay-opacity":"","overlay-gradient":""}},"ast-content-background-meta":{"desktop":{"background-color":"var(--ast-global-color-5)","background-image":"","background-repeat":"repeat","background-position":"center center","background-size":"auto","background-attachment":"scroll","background-type":"","background-media":"","overlay-type":"","overlay-color":"","overlay-opacity":"","overlay-gradient":""},"tablet":{"background-color":"var(--ast-global-color-5)","background-image":"","background-repeat":"repeat","background-position":"center center","background-size":"auto","background-attachment":"scroll","background-type":"","background-media":"","overlay-type":"","overlay-color":"","overlay-opacity":"","overlay-gradient":""},"mobile":{"background-color":"var(--ast-global-color-5)","background-image":"","background-repeat":"repeat","background-position":"center center","background-size":"auto","background-attachment":"scroll","background-type":"","background-media":"","overlay-type":"","overlay-color":"","overlay-opacity":"","overlay-gradient":""}}},"product_brand":[],"product_cat":[58],"product_tag":[],"class_list":{"0":"post-10659","1":"product","2":"type-product","3":"status-publish","4":"has-post-thumbnail","6":"product_cat-fuusiline-et","7":"product_shipping_class-eesti-et","8":"desktop-align-left","9":"tablet-align-left","10":"mobile-align-left","12":"first","13":"instock","14":"shipping-taxable","15":"purchasable","16":"product-type-variable"},"yoast_head":"<!-- This site is optimized with the Yoast SEO plugin v27.3 - https:\/\/yoast.com\/product\/yoast-seo-wordpress\/ -->\n<title>Tahke \u0161ampoon magneesiumiga - Holistic Healing<\/title>\n<meta name=\"description\" content=\"100% looduslik tahke \u0161ampoon magneesiumiga\" \/>\n<meta name=\"robots\" content=\"index, follow, max-snippet:-1, max-image-preview:large, max-video-preview:-1\" \/>\n<link rel=\"canonical\" href=\"https:\/\/healing.ee\/en\/product\/mg-sampoon\/\" \/>\n<meta property=\"og:locale\" content=\"en_GB\" \/>\n<meta property=\"og:type\" content=\"article\" \/>\n<meta property=\"og:title\" content=\"Tahke \u0161ampoon magneesiumiga - Holistic Healing\" \/>\n<meta property=\"og:description\" content=\"100% looduslik tahke \u0161ampoon magneesiumiga\" \/>\n<meta property=\"og:url\" content=\"https:\/\/healing.ee\/en\/product\/mg-sampoon\/\" \/>\n<meta property=\"og:site_name\" content=\"Holistic Healing\" \/>\n<meta property=\"article:publisher\" content=\"https:\/\/www.facebook.com\/holistic.healing.estonia\" \/>\n<meta property=\"article:modified_time\" content=\"2026-01-02T11:15:33+00:00\" \/>\n<meta property=\"og:image\" content=\"https:\/\/i0.wp.com\/healing.ee\/wp-content\/uploads\/2025\/11\/mg79.jpg?fit=1333%2C1333&ssl=1\" \/>\n\t<meta property=\"og:image:width\" content=\"1333\" \/>\n\t<meta property=\"og:image:height\" content=\"1333\" \/>\n\t<meta property=\"og:image:type\" content=\"image\/jpeg\" \/>\n<meta name=\"twitter:card\" content=\"summary_large_image\" \/>\n<meta name=\"twitter:label1\" content=\"Estimated reading time\" \/>\n\t<meta name=\"twitter:data1\" content=\"1 minute\" \/>\n<script type=\"application\/ld+json\" class=\"yoast-schema-graph\">{\"@context\":\"https:\\\/\\\/schema.org\",\"@graph\":[{\"@type\":\"WebPage\",\"@id\":\"https:\\\/\\\/healing.ee\\\/et\\\/toode\\\/mg-sampoon\\\/\",\"url\":\"https:\\\/\\\/healing.ee\\\/et\\\/toode\\\/mg-sampoon\\\/\",\"name\":\"Tahke \u0161ampoon magneesiumiga - Holistic Healing\",\"isPartOf\":{\"@id\":\"https:\\\/\\\/healing.ee\\\/et\\\/#website\"},\"primaryImageOfPage\":{\"@id\":\"https:\\\/\\\/healing.ee\\\/et\\\/toode\\\/mg-sampoon\\\/#primaryimage\"},\"image\":{\"@id\":\"https:\\\/\\\/healing.ee\\\/et\\\/toode\\\/mg-sampoon\\\/#primaryimage\"},\"thumbnailUrl\":\"https:\\\/\\\/i0.wp.com\\\/healing.ee\\\/wp-content\\\/uploads\\\/2025\\\/11\\\/mg-kombo.jpg?fit=1333%2C1333&ssl=1\",\"datePublished\":\"2025-11-29T12:05:05+00:00\",\"dateModified\":\"2026-01-02T11:15:33+00:00\",\"description\":\"100% looduslik tahke \u0161ampoon magneesiumiga\",\"breadcrumb\":{\"@id\":\"https:\\\/\\\/healing.ee\\\/et\\\/toode\\\/mg-sampoon\\\/#breadcrumb\"},\"inLanguage\":\"en-GB\",\"potentialAction\":[{\"@type\":\"ReadAction\",\"target\":[\"https:\\\/\\\/healing.ee\\\/et\\\/toode\\\/mg-sampoon\\\/\"]}]},{\"@type\":\"ImageObject\",\"inLanguage\":\"en-GB\",\"@id\":\"https:\\\/\\\/healing.ee\\\/et\\\/toode\\\/mg-sampoon\\\/#primaryimage\",\"url\":\"https:\\\/\\\/i0.wp.com\\\/healing.ee\\\/wp-content\\\/uploads\\\/2025\\\/11\\\/mg-kombo.jpg?fit=1333%2C1333&ssl=1\",\"contentUrl\":\"https:\\\/\\\/i0.wp.com\\\/healing.ee\\\/wp-content\\\/uploads\\\/2025\\\/11\\\/mg-kombo.jpg?fit=1333%2C1333&ssl=1\",\"width\":1333,\"height\":1333},{\"@type\":\"BreadcrumbList\",\"@id\":\"https:\\\/\\\/healing.ee\\\/et\\\/toode\\\/mg-sampoon\\\/#breadcrumb\",\"itemListElement\":[{\"@type\":\"ListItem\",\"position\":1,\"name\":\"Home\",\"item\":\"https:\\\/\\\/healing.ee\\\/\"},{\"@type\":\"ListItem\",\"position\":2,\"name\":\"Pood\",\"item\":\"https:\\\/\\\/healing.ee\\\/et\\\/pood\\\/\"},{\"@type\":\"ListItem\",\"position\":3,\"name\":\"Tahke \u0161ampoon magneesiumiga\"}]},{\"@type\":\"WebSite\",\"@id\":\"https:\\\/\\\/healing.ee\\\/et\\\/#website\",\"url\":\"https:\\\/\\\/healing.ee\\\/et\\\/\",\"name\":\"Holistic Healing\",\"description\":\"Tagasi iseendaks\",\"publisher\":{\"@id\":\"https:\\\/\\\/healing.ee\\\/et\\\/#organization\"},\"potentialAction\":[{\"@type\":\"SearchAction\",\"target\":{\"@type\":\"EntryPoint\",\"urlTemplate\":\"https:\\\/\\\/healing.ee\\\/et\\\/?s={search_term_string}\"},\"query-input\":{\"@type\":\"PropertyValueSpecification\",\"valueRequired\":true,\"valueName\":\"search_term_string\"}}],\"inLanguage\":\"en-GB\"},{\"@type\":\"Organization\",\"@id\":\"https:\\\/\\\/healing.ee\\\/et\\\/#organization\",\"name\":\"Holistic Healing\",\"url\":\"https:\\\/\\\/healing.ee\\\/et\\\/\",\"logo\":{\"@type\":\"ImageObject\",\"inLanguage\":\"en-GB\",\"@id\":\"https:\\\/\\\/healing.ee\\\/et\\\/#\\\/schema\\\/logo\\\/image\\\/\",\"url\":\"https:\\\/\\\/i0.wp.com\\\/healing.ee\\\/wp-content\\\/uploads\\\/2022\\\/12\\\/cropped-cropped-HH-LOGO-6-e1670997550150.jpg?fit=500%2C562&ssl=1\",\"contentUrl\":\"https:\\\/\\\/i0.wp.com\\\/healing.ee\\\/wp-content\\\/uploads\\\/2022\\\/12\\\/cropped-cropped-HH-LOGO-6-e1670997550150.jpg?fit=500%2C562&ssl=1\",\"width\":500,\"height\":562,\"caption\":\"Holistic Healing\"},\"image\":{\"@id\":\"https:\\\/\\\/healing.ee\\\/et\\\/#\\\/schema\\\/logo\\\/image\\\/\"},\"sameAs\":[\"https:\\\/\\\/www.facebook.com\\\/holistic.healing.estonia\",\"https:\\\/\\\/www.instagram.com\\\/healing.ee\\\/\"]}]}<\/script>\n<!-- \/ Yoast SEO plugin. -->","yoast_head_json":{"title":"Tahke \u0161ampoon magneesiumiga - Holistic Healing","description":"100% looduslik tahke \u0161ampoon magneesiumiga","robots":{"index":"index","follow":"follow","max-snippet":"max-snippet:-1","max-image-preview":"max-image-preview:large","max-video-preview":"max-video-preview:-1"},"canonical":"https:\/\/healing.ee\/en\/product\/mg-sampoon\/","og_locale":"en_GB","og_type":"article","og_title":"Tahke \u0161ampoon magneesiumiga - Holistic Healing","og_description":"100% looduslik tahke \u0161ampoon magneesiumiga","og_url":"https:\/\/healing.ee\/en\/product\/mg-sampoon\/","og_site_name":"Holistic Healing","article_publisher":"https:\/\/www.facebook.com\/holistic.healing.estonia","article_modified_time":"2026-01-02T11:15:33+00:00","og_image":[{"width":1333,"height":1333,"url":"https:\/\/i0.wp.com\/healing.ee\/wp-content\/uploads\/2025\/11\/mg79.jpg?fit=1333%2C1333&ssl=1","type":"image\/jpeg"}],"twitter_card":"summary_large_image","twitter_misc":{"Estimated reading time":"1 minute"},"schema":{"@context":"https:\/\/schema.org","@graph":[{"@type":"WebPage","@id":"https:\/\/healing.ee\/et\/toode\/mg-sampoon\/","url":"https:\/\/healing.ee\/et\/toode\/mg-sampoon\/","name":"Tahke \u0161ampoon magneesiumiga - Holistic Healing","isPartOf":{"@id":"https:\/\/healing.ee\/et\/#website"},"primaryImageOfPage":{"@id":"https:\/\/healing.ee\/et\/toode\/mg-sampoon\/#primaryimage"},"image":{"@id":"https:\/\/healing.ee\/et\/toode\/mg-sampoon\/#primaryimage"},"thumbnailUrl":"https:\/\/i0.wp.com\/healing.ee\/wp-content\/uploads\/2025\/11\/mg-kombo.jpg?fit=1333%2C1333&ssl=1","datePublished":"2025-11-29T12:05:05+00:00","dateModified":"2026-01-02T11:15:33+00:00","description":"100% looduslik tahke \u0161ampoon magneesiumiga","breadcrumb":{"@id":"https:\/\/healing.ee\/et\/toode\/mg-sampoon\/#breadcrumb"},"inLanguage":"en-GB","potentialAction":[{"@type":"ReadAction","target":["https:\/\/healing.ee\/et\/toode\/mg-sampoon\/"]}]},{"@type":"ImageObject","inLanguage":"en-GB","@id":"https:\/\/healing.ee\/et\/toode\/mg-sampoon\/#primaryimage","url":"https:\/\/i0.wp.com\/healing.ee\/wp-content\/uploads\/2025\/11\/mg-kombo.jpg?fit=1333%2C1333&ssl=1","contentUrl":"https:\/\/i0.wp.com\/healing.ee\/wp-content\/uploads\/2025\/11\/mg-kombo.jpg?fit=1333%2C1333&ssl=1","width":1333,"height":1333},{"@type":"BreadcrumbList","@id":"https:\/\/healing.ee\/et\/toode\/mg-sampoon\/#breadcrumb","itemListElement":[{"@type":"ListItem","position":1,"name":"Home","item":"https:\/\/healing.ee\/"},{"@type":"ListItem","position":2,"name":"Pood","item":"https:\/\/healing.ee\/et\/pood\/"},{"@type":"ListItem","position":3,"name":"Tahke \u0161ampoon magneesiumiga"}]},{"@type":"WebSite","@id":"https:\/\/healing.ee\/et\/#website","url":"https:\/\/healing.ee\/et\/","name":"Holistic Healing","description":"Back to yourself","publisher":{"@id":"https:\/\/healing.ee\/et\/#organization"},"potentialAction":[{"@type":"SearchAction","target":{"@type":"EntryPoint","urlTemplate":"https:\/\/healing.ee\/et\/?s={search_term_string}"},"query-input":{"@type":"PropertyValueSpecification","valueRequired":true,"valueName":"search_term_string"}}],"inLanguage":"en-GB"},{"@type":"Organization","@id":"https:\/\/healing.ee\/et\/#organization","name":"Holistic Healing","url":"https:\/\/healing.ee\/et\/","logo":{"@type":"ImageObject","inLanguage":"en-GB","@id":"https:\/\/healing.ee\/et\/#\/schema\/logo\/image\/","url":"https:\/\/i0.wp.com\/healing.ee\/wp-content\/uploads\/2022\/12\/cropped-cropped-HH-LOGO-6-e1670997550150.jpg?fit=500%2C562&ssl=1","contentUrl":"https:\/\/i0.wp.com\/healing.ee\/wp-content\/uploads\/2022\/12\/cropped-cropped-HH-LOGO-6-e1670997550150.jpg?fit=500%2C562&ssl=1","width":500,"height":562,"caption":"Holistic Healing"},"image":{"@id":"https:\/\/healing.ee\/et\/#\/schema\/logo\/image\/"},"sameAs":["https:\/\/www.facebook.com\/holistic.healing.estonia","https:\/\/www.instagram.com\/healing.ee\/"]}]}},"jetpack_sharing_enabled":true,"_links":{"self":[{"href":"https:\/\/healing.ee\/en\/wp-json\/wp\/v2\/product\/10659","targetHints":{"allow":["GET"]}}],"collection":[{"href":"https:\/\/healing.ee\/en\/wp-json\/wp\/v2\/product"}],"about":[{"href":"https:\/\/healing.ee\/en\/wp-json\/wp\/v2\/types\/product"}],"version-history":[{"count":5,"href":"https:\/\/healing.ee\/en\/wp-json\/wp\/v2\/product\/10659\/revisions"}],"predecessor-version":[{"id":11064,"href":"https:\/\/healing.ee\/en\/wp-json\/wp\/v2\/product\/10659\/revisions\/11064"}],"wp:featuredmedia":[{"embeddable":true,"href":"https:\/\/healing.ee\/en\/wp-json\/wp\/v2\/media\/10662"}],"wp:attachment":[{"href":"https:\/\/healing.ee\/en\/wp-json\/wp\/v2\/media?parent=10659"}],"wp:term":[{"taxonomy":"product_brand","embeddable":true,"href":"https:\/\/healing.ee\/en\/wp-json\/wp\/v2\/product_brand?post=10659"},{"taxonomy":"product_cat","embeddable":true,"href":"https:\/\/healing.ee\/en\/wp-json\/wp\/v2\/product_cat?post=10659"},{"taxonomy":"product_tag","embeddable":true,"href":"https:\/\/healing.ee\/en\/wp-json\/wp\/v2\/product_tag?post=10659"}],"curies":[{"name":"wp","href":"https:\/\/api.w.org\/{rel}","templated":true}]}}