{"id":10642,"date":"2025-11-29T13:21:01","date_gmt":"2025-11-29T11:21:01","guid":{"rendered":"https:\/\/healing.ee\/?post_type=product&#038;p=10642"},"modified":"2025-11-29T18:18:42","modified_gmt":"2025-11-29T16:18:42","slug":"juuksekreem","status":"publish","type":"product","link":"https:\/\/healing.ee\/en\/product\/juuksekreem\/","title":{"rendered":"Leave-in juuksekreem"},"content":{"rendered":"<p class=\"p1\"><b>KELLELE SOBIB:<\/b><\/p>\n<ul>\n<li data-start=\"1109\" data-end=\"1161\">\n<p data-start=\"1111\" data-end=\"1161\">eriti: v\u00e4rvitud, kuivad, poorsed juuksed<\/p>\n<\/li>\n<li data-start=\"1109\" data-end=\"1161\">\n<p data-start=\"1111\" data-end=\"1161\">sobib ka normaalsetele ja \u00f5hukestele juustele (kerge koostise t\u00f5ttu)<\/p>\n<\/li>\n<\/ul>\n<p class=\"p1\"><b>USE: <\/b>Kanna niisketesse v\u00f5i kuivadesse juustesse. \u00c4ra loputa.<br data-start=\"993\" data-end=\"996\" \/>Pigem kanda juusteotstesse. Ideaalne enne f\u00f6\u00f6nitamist, sirgendamist v\u00f5i lokitamist.<\/p>\n<p class=\"p1\"><span class=\"s1\"><b>KOOSTISOSAD:<\/b><\/span> Viinamarjaseemne\u00f5li, mangov\u00f5i, sheav\u00f5i, argani\u00f5li, brokkoliseemne\u00f5li, aloe vera geel, lavendli- ja bergamoti eeterlik \u00f5li, taimne keratiin, taimne emulgaator, uurea, tsetear\u00fc\u00fclalkohol, siidiproteiin, pantenool, kookossilikoon, taimne gl\u00fctseriin, s\u00e4ilitusaine, destilleeritud vesi.<\/p>\n<p><strong>KULU<\/strong>: Olenevalt juuste pikkusest ja paksusest kulub \u00fche kasutuskorra kohta 1-5 ml toodet.<\/p>\n<p><strong>TARNE JA S\u00c4ILIVUS:<\/strong> Valmistan tooted enamasti vastavalt tellimusele. Tarne kuni 1 n\u00e4dal.\u00a0<br data-start=\"1330\" data-end=\"1333\" \/>S\u00e4ilivus 6 kuud.<\/p>","protected":false},"excerpt":{"rendered":"<p>100% looduslik sissej\u00e4etav juuksekreem<a href=\"https:\/\/healing.ee\/wp-content\/uploads\/2023\/10\/IMG_0274-2.heic\"><img decoding=\"async\" class=\"alignnone size-full wp-image-4289\" src=\"https:\/\/healing.ee\/wp-content\/uploads\/2023\/10\/IMG_0274-2.heic\" alt=\"\" \/><\/a><\/p>\n<ul>\n<li data-start=\"466\" data-end=\"520\"><strong data-start=\"466\" data-end=\"484\">S\u00fcgavniisutus:<\/strong> aloe vera geel, gl\u00fctseriin, uurea<\/li>\n<li data-start=\"466\" data-end=\"520\"><strong data-start=\"523\" data-end=\"543\">L\u00e4ige ja pehmus:<\/strong> argani\u00f5li, brokkoliseemne\u00f5li, mangov\u00f5i<\/li>\n<li data-start=\"466\" data-end=\"520\"><strong data-start=\"587\" data-end=\"608\">Kahu v\u00e4hendamine:<\/strong> kookossilikoon, sheav\u00f5i<\/li>\n<li data-start=\"466\" data-end=\"520\"><strong data-start=\"637\" data-end=\"658\">Lokkide hoidmine:<\/strong> siidiproteiin, pantenool<\/li>\n<li data-start=\"466\" data-end=\"520\"><strong data-start=\"688\" data-end=\"716\">Juuksekarva tugevdamine:<\/strong> taimne keratiin, tsetear\u00fc\u00fclalkohol<\/li>\n<li data-start=\"466\" data-end=\"520\"><strong data-start=\"756\" data-end=\"772\">Kuumakaitse:<\/strong> kookossilikoon + pantenool<\/li>\n<li data-start=\"466\" data-end=\"520\"><strong data-start=\"804\" data-end=\"843\">Rahustav aroom ja peanaha tasakaal:<\/strong> lavendli- ja bergamoti eeterlik \u00f5li<\/li>\n<\/ul>","protected":false},"featured_media":10654,"template":"","meta":{"site-sidebar-layout":"default","site-content-layout":"default","ast-site-content-layout":"default","site-content-style":"default","site-sidebar-style":"default","ast-global-header-display":"","ast-banner-title-visibility":"","ast-main-header-display":"","ast-hfb-above-header-display":"","ast-hfb-below-header-display":"","ast-hfb-mobile-header-display":"","site-post-title":"","ast-breadcrumbs-content":"","ast-featured-img":"","footer-sml-layout":"","ast-disable-related-posts":"","theme-transparent-header-meta":"default","adv-header-id-meta":"","stick-header-meta":"","header-above-stick-meta":"","header-main-stick-meta":"","header-below-stick-meta":"","astra-migrate-meta-layouts":"set","ast-page-background-enabled":"default","ast-page-background-meta":{"desktop":{"background-color":"var(--ast-global-color-4)","background-image":"","background-repeat":"repeat","background-position":"center center","background-size":"auto","background-attachment":"scroll","background-type":"","background-media":"","overlay-type":"","overlay-color":"","overlay-opacity":"","overlay-gradient":""},"tablet":{"background-color":"","background-image":"","background-repeat":"repeat","background-position":"center center","background-size":"auto","background-attachment":"scroll","background-type":"","background-media":"","overlay-type":"","overlay-color":"","overlay-opacity":"","overlay-gradient":""},"mobile":{"background-color":"","background-image":"","background-repeat":"repeat","background-position":"center center","background-size":"auto","background-attachment":"scroll","background-type":"","background-media":"","overlay-type":"","overlay-color":"","overlay-opacity":"","overlay-gradient":""}},"ast-content-background-meta":{"desktop":{"background-color":"var(--ast-global-color-5)","background-image":"","background-repeat":"repeat","background-position":"center center","background-size":"auto","background-attachment":"scroll","background-type":"","background-media":"","overlay-type":"","overlay-color":"","overlay-opacity":"","overlay-gradient":""},"tablet":{"background-color":"var(--ast-global-color-5)","background-image":"","background-repeat":"repeat","background-position":"center center","background-size":"auto","background-attachment":"scroll","background-type":"","background-media":"","overlay-type":"","overlay-color":"","overlay-opacity":"","overlay-gradient":""},"mobile":{"background-color":"var(--ast-global-color-5)","background-image":"","background-repeat":"repeat","background-position":"center center","background-size":"auto","background-attachment":"scroll","background-type":"","background-media":"","overlay-type":"","overlay-color":"","overlay-opacity":"","overlay-gradient":""}}},"product_brand":[],"product_cat":[58],"product_tag":[],"class_list":{"0":"post-10642","1":"product","2":"type-product","3":"status-publish","4":"has-post-thumbnail","6":"product_cat-fuusiline-et","7":"product_shipping_class-eesti-et","8":"desktop-align-left","9":"tablet-align-left","10":"mobile-align-left","12":"first","13":"instock","14":"shipping-taxable","15":"purchasable","16":"product-type-variable"},"yoast_head":"<!-- This site is optimized with the Yoast SEO plugin v27.3 - https:\/\/yoast.com\/product\/yoast-seo-wordpress\/ -->\n<title>Leave-in juuksekreem - Holistic Healing<\/title>\n<meta name=\"robots\" content=\"index, follow, max-snippet:-1, max-image-preview:large, max-video-preview:-1\" \/>\n<link rel=\"canonical\" href=\"https:\/\/healing.ee\/en\/product\/juuksekreem\/\" \/>\n<meta property=\"og:locale\" content=\"en_GB\" \/>\n<meta property=\"og:type\" content=\"article\" \/>\n<meta property=\"og:title\" content=\"Leave-in juuksekreem - Holistic Healing\" \/>\n<meta property=\"og:description\" content=\"100% looduslik sissej\u00e4etav juuksekreem   S\u00fcgavniisutus: aloe vera geel, gl\u00fctseriin, uurea  L\u00e4ige ja pehmus: argani\u00f5li, brokkoliseemne\u00f5li, mangov\u00f5i  Kahu v\u00e4hendamine: kookossilikoon, sheav\u00f5i  Lokkide hoidmine: siidiproteiin, pantenool  Juuksekarva tugevdamine: taimne keratiin, tsetear\u00fc\u00fclalkohol  Kuumakaitse: kookossilikoon + pantenool  Rahustav aroom ja peanaha tasakaal: lavendli- ja bergamoti eeterlik \u00f5li\" \/>\n<meta property=\"og:url\" content=\"https:\/\/healing.ee\/en\/product\/juuksekreem\/\" \/>\n<meta property=\"og:site_name\" content=\"Holistic Healing\" \/>\n<meta property=\"article:publisher\" content=\"https:\/\/www.facebook.com\/holistic.healing.estonia\" \/>\n<meta property=\"article:modified_time\" content=\"2025-11-29T16:18:42+00:00\" \/>\n<meta property=\"og:image\" content=\"https:\/\/i0.wp.com\/healing.ee\/wp-content\/uploads\/2025\/11\/leave-in-kombo-2.jpg?fit=1333%2C1333&ssl=1\" \/>\n\t<meta property=\"og:image:width\" content=\"1333\" \/>\n\t<meta property=\"og:image:height\" content=\"1333\" \/>\n\t<meta property=\"og:image:type\" content=\"image\/jpeg\" \/>\n<meta name=\"twitter:card\" content=\"summary_large_image\" \/>\n<meta name=\"twitter:label1\" content=\"Estimated reading time\" \/>\n\t<meta name=\"twitter:data1\" content=\"1 minute\" \/>\n<script type=\"application\/ld+json\" class=\"yoast-schema-graph\">{\"@context\":\"https:\\\/\\\/schema.org\",\"@graph\":[{\"@type\":\"WebPage\",\"@id\":\"https:\\\/\\\/healing.ee\\\/en\\\/product\\\/juuksekreem\\\/\",\"url\":\"https:\\\/\\\/healing.ee\\\/en\\\/product\\\/juuksekreem\\\/\",\"name\":\"Leave-in juuksekreem - Holistic Healing\",\"isPartOf\":{\"@id\":\"https:\\\/\\\/healing.ee\\\/et\\\/#website\"},\"primaryImageOfPage\":{\"@id\":\"https:\\\/\\\/healing.ee\\\/en\\\/product\\\/juuksekreem\\\/#primaryimage\"},\"image\":{\"@id\":\"https:\\\/\\\/healing.ee\\\/en\\\/product\\\/juuksekreem\\\/#primaryimage\"},\"thumbnailUrl\":\"https:\\\/\\\/i0.wp.com\\\/healing.ee\\\/wp-content\\\/uploads\\\/2025\\\/11\\\/leave-in-kombo-2.jpg?fit=1333%2C1333&ssl=1\",\"datePublished\":\"2025-11-29T11:21:01+00:00\",\"dateModified\":\"2025-11-29T16:18:42+00:00\",\"breadcrumb\":{\"@id\":\"https:\\\/\\\/healing.ee\\\/en\\\/product\\\/juuksekreem\\\/#breadcrumb\"},\"inLanguage\":\"en-GB\",\"potentialAction\":[{\"@type\":\"ReadAction\",\"target\":[\"https:\\\/\\\/healing.ee\\\/en\\\/product\\\/juuksekreem\\\/\"]}]},{\"@type\":\"ImageObject\",\"inLanguage\":\"en-GB\",\"@id\":\"https:\\\/\\\/healing.ee\\\/en\\\/product\\\/juuksekreem\\\/#primaryimage\",\"url\":\"https:\\\/\\\/i0.wp.com\\\/healing.ee\\\/wp-content\\\/uploads\\\/2025\\\/11\\\/leave-in-kombo-2.jpg?fit=1333%2C1333&ssl=1\",\"contentUrl\":\"https:\\\/\\\/i0.wp.com\\\/healing.ee\\\/wp-content\\\/uploads\\\/2025\\\/11\\\/leave-in-kombo-2.jpg?fit=1333%2C1333&ssl=1\",\"width\":1333,\"height\":1333},{\"@type\":\"BreadcrumbList\",\"@id\":\"https:\\\/\\\/healing.ee\\\/en\\\/product\\\/juuksekreem\\\/#breadcrumb\",\"itemListElement\":[{\"@type\":\"ListItem\",\"position\":1,\"name\":\"Home\",\"item\":\"https:\\\/\\\/healing.ee\\\/\"},{\"@type\":\"ListItem\",\"position\":2,\"name\":\"Pood\",\"item\":\"https:\\\/\\\/healing.ee\\\/et\\\/pood\\\/\"},{\"@type\":\"ListItem\",\"position\":3,\"name\":\"Leave-in juuksekreem\"}]},{\"@type\":\"WebSite\",\"@id\":\"https:\\\/\\\/healing.ee\\\/et\\\/#website\",\"url\":\"https:\\\/\\\/healing.ee\\\/et\\\/\",\"name\":\"Holistic Healing\",\"description\":\"Tagasi iseendaks\",\"publisher\":{\"@id\":\"https:\\\/\\\/healing.ee\\\/et\\\/#organization\"},\"potentialAction\":[{\"@type\":\"SearchAction\",\"target\":{\"@type\":\"EntryPoint\",\"urlTemplate\":\"https:\\\/\\\/healing.ee\\\/et\\\/?s={search_term_string}\"},\"query-input\":{\"@type\":\"PropertyValueSpecification\",\"valueRequired\":true,\"valueName\":\"search_term_string\"}}],\"inLanguage\":\"en-GB\"},{\"@type\":\"Organization\",\"@id\":\"https:\\\/\\\/healing.ee\\\/et\\\/#organization\",\"name\":\"Holistic Healing\",\"url\":\"https:\\\/\\\/healing.ee\\\/et\\\/\",\"logo\":{\"@type\":\"ImageObject\",\"inLanguage\":\"en-GB\",\"@id\":\"https:\\\/\\\/healing.ee\\\/et\\\/#\\\/schema\\\/logo\\\/image\\\/\",\"url\":\"https:\\\/\\\/i0.wp.com\\\/healing.ee\\\/wp-content\\\/uploads\\\/2022\\\/12\\\/cropped-cropped-HH-LOGO-6-e1670997550150.jpg?fit=500%2C562&ssl=1\",\"contentUrl\":\"https:\\\/\\\/i0.wp.com\\\/healing.ee\\\/wp-content\\\/uploads\\\/2022\\\/12\\\/cropped-cropped-HH-LOGO-6-e1670997550150.jpg?fit=500%2C562&ssl=1\",\"width\":500,\"height\":562,\"caption\":\"Holistic Healing\"},\"image\":{\"@id\":\"https:\\\/\\\/healing.ee\\\/et\\\/#\\\/schema\\\/logo\\\/image\\\/\"},\"sameAs\":[\"https:\\\/\\\/www.facebook.com\\\/holistic.healing.estonia\",\"https:\\\/\\\/www.instagram.com\\\/healing.ee\\\/\"]}]}<\/script>\n<!-- \/ Yoast SEO plugin. -->","yoast_head_json":{"title":"Leave-in juuksekreem - Holistic Healing","robots":{"index":"index","follow":"follow","max-snippet":"max-snippet:-1","max-image-preview":"max-image-preview:large","max-video-preview":"max-video-preview:-1"},"canonical":"https:\/\/healing.ee\/en\/product\/juuksekreem\/","og_locale":"en_GB","og_type":"article","og_title":"Leave-in juuksekreem - Holistic Healing","og_description":"100% looduslik sissej\u00e4etav juuksekreem   S\u00fcgavniisutus: aloe vera geel, gl\u00fctseriin, uurea  L\u00e4ige ja pehmus: argani\u00f5li, brokkoliseemne\u00f5li, mangov\u00f5i  Kahu v\u00e4hendamine: kookossilikoon, sheav\u00f5i  Lokkide hoidmine: siidiproteiin, pantenool  Juuksekarva tugevdamine: taimne keratiin, tsetear\u00fc\u00fclalkohol  Kuumakaitse: kookossilikoon + pantenool  Rahustav aroom ja peanaha tasakaal: lavendli- ja bergamoti eeterlik \u00f5li","og_url":"https:\/\/healing.ee\/en\/product\/juuksekreem\/","og_site_name":"Holistic Healing","article_publisher":"https:\/\/www.facebook.com\/holistic.healing.estonia","article_modified_time":"2025-11-29T16:18:42+00:00","og_image":[{"width":1333,"height":1333,"url":"https:\/\/i0.wp.com\/healing.ee\/wp-content\/uploads\/2025\/11\/leave-in-kombo-2.jpg?fit=1333%2C1333&ssl=1","type":"image\/jpeg"}],"twitter_card":"summary_large_image","twitter_misc":{"Estimated reading time":"1 minute"},"schema":{"@context":"https:\/\/schema.org","@graph":[{"@type":"WebPage","@id":"https:\/\/healing.ee\/en\/product\/juuksekreem\/","url":"https:\/\/healing.ee\/en\/product\/juuksekreem\/","name":"Leave-in juuksekreem - Holistic Healing","isPartOf":{"@id":"https:\/\/healing.ee\/et\/#website"},"primaryImageOfPage":{"@id":"https:\/\/healing.ee\/en\/product\/juuksekreem\/#primaryimage"},"image":{"@id":"https:\/\/healing.ee\/en\/product\/juuksekreem\/#primaryimage"},"thumbnailUrl":"https:\/\/i0.wp.com\/healing.ee\/wp-content\/uploads\/2025\/11\/leave-in-kombo-2.jpg?fit=1333%2C1333&ssl=1","datePublished":"2025-11-29T11:21:01+00:00","dateModified":"2025-11-29T16:18:42+00:00","breadcrumb":{"@id":"https:\/\/healing.ee\/en\/product\/juuksekreem\/#breadcrumb"},"inLanguage":"en-GB","potentialAction":[{"@type":"ReadAction","target":["https:\/\/healing.ee\/en\/product\/juuksekreem\/"]}]},{"@type":"ImageObject","inLanguage":"en-GB","@id":"https:\/\/healing.ee\/en\/product\/juuksekreem\/#primaryimage","url":"https:\/\/i0.wp.com\/healing.ee\/wp-content\/uploads\/2025\/11\/leave-in-kombo-2.jpg?fit=1333%2C1333&ssl=1","contentUrl":"https:\/\/i0.wp.com\/healing.ee\/wp-content\/uploads\/2025\/11\/leave-in-kombo-2.jpg?fit=1333%2C1333&ssl=1","width":1333,"height":1333},{"@type":"BreadcrumbList","@id":"https:\/\/healing.ee\/en\/product\/juuksekreem\/#breadcrumb","itemListElement":[{"@type":"ListItem","position":1,"name":"Home","item":"https:\/\/healing.ee\/"},{"@type":"ListItem","position":2,"name":"Pood","item":"https:\/\/healing.ee\/et\/pood\/"},{"@type":"ListItem","position":3,"name":"Leave-in juuksekreem"}]},{"@type":"WebSite","@id":"https:\/\/healing.ee\/et\/#website","url":"https:\/\/healing.ee\/et\/","name":"Holistic Healing","description":"Back to yourself","publisher":{"@id":"https:\/\/healing.ee\/et\/#organization"},"potentialAction":[{"@type":"SearchAction","target":{"@type":"EntryPoint","urlTemplate":"https:\/\/healing.ee\/et\/?s={search_term_string}"},"query-input":{"@type":"PropertyValueSpecification","valueRequired":true,"valueName":"search_term_string"}}],"inLanguage":"en-GB"},{"@type":"Organization","@id":"https:\/\/healing.ee\/et\/#organization","name":"Holistic Healing","url":"https:\/\/healing.ee\/et\/","logo":{"@type":"ImageObject","inLanguage":"en-GB","@id":"https:\/\/healing.ee\/et\/#\/schema\/logo\/image\/","url":"https:\/\/i0.wp.com\/healing.ee\/wp-content\/uploads\/2022\/12\/cropped-cropped-HH-LOGO-6-e1670997550150.jpg?fit=500%2C562&ssl=1","contentUrl":"https:\/\/i0.wp.com\/healing.ee\/wp-content\/uploads\/2022\/12\/cropped-cropped-HH-LOGO-6-e1670997550150.jpg?fit=500%2C562&ssl=1","width":500,"height":562,"caption":"Holistic Healing"},"image":{"@id":"https:\/\/healing.ee\/et\/#\/schema\/logo\/image\/"},"sameAs":["https:\/\/www.facebook.com\/holistic.healing.estonia","https:\/\/www.instagram.com\/healing.ee\/"]}]}},"jetpack_sharing_enabled":true,"_links":{"self":[{"href":"https:\/\/healing.ee\/en\/wp-json\/wp\/v2\/product\/10642","targetHints":{"allow":["GET"]}}],"collection":[{"href":"https:\/\/healing.ee\/en\/wp-json\/wp\/v2\/product"}],"about":[{"href":"https:\/\/healing.ee\/en\/wp-json\/wp\/v2\/types\/product"}],"version-history":[{"count":5,"href":"https:\/\/healing.ee\/en\/wp-json\/wp\/v2\/product\/10642\/revisions"}],"predecessor-version":[{"id":10684,"href":"https:\/\/healing.ee\/en\/wp-json\/wp\/v2\/product\/10642\/revisions\/10684"}],"wp:featuredmedia":[{"embeddable":true,"href":"https:\/\/healing.ee\/en\/wp-json\/wp\/v2\/media\/10654"}],"wp:attachment":[{"href":"https:\/\/healing.ee\/en\/wp-json\/wp\/v2\/media?parent=10642"}],"wp:term":[{"taxonomy":"product_brand","embeddable":true,"href":"https:\/\/healing.ee\/en\/wp-json\/wp\/v2\/product_brand?post=10642"},{"taxonomy":"product_cat","embeddable":true,"href":"https:\/\/healing.ee\/en\/wp-json\/wp\/v2\/product_cat?post=10642"},{"taxonomy":"product_tag","embeddable":true,"href":"https:\/\/healing.ee\/en\/wp-json\/wp\/v2\/product_tag?post=10642"}],"curies":[{"name":"wp","href":"https:\/\/api.w.org\/{rel}","templated":true}]}}