{"id":10467,"date":"2025-11-21T14:24:45","date_gmt":"2025-11-21T12:24:45","guid":{"rendered":"https:\/\/healing.ee\/?post_type=product&#038;p=10467"},"modified":"2025-11-29T18:23:28","modified_gmt":"2025-11-29T16:23:28","slug":"juuksevoi","status":"publish","type":"product","link":"https:\/\/healing.ee\/en\/product\/juuksevoi\/","title":{"rendered":"Hair butter"},"content":{"rendered":"<p class=\"p1\"><b>KELLELE SOBIB: <\/b>eelk\u00f5ige: kuivad, poorsed, kahjustatud v\u00f5i v\u00e4rvitud juuksed<\/p>\n<p class=\"p1\"><b>USE:\u00a0<\/b>Parima tulemuse saavutamiseks h\u00f5\u00f5ru v\u00f5id k\u00e4te vahel ja siis jaota k\u00e4telt sulanud toode pestud, niisketesse juustesse. Oota 30 sekundit enne kui maski juurde paned. Kui juuksed on muutunud m\u00f5nusalt elastseks, siis ei olegi rohkem maski vaja lisada. Liiga suure koguse kasutamine v\u00f5ib j\u00e4tta juuksed raskeks. Maski hoida juustes v\u00e4hemalt 5 minutit. Paksude ja kuivade juuste puhul v\u00f5ib p\u00e4rast pesu veidi toodet juustesse lisada ja sinna j\u00e4tta &#8211; see muudab nad eriti pehmeks, l\u00e4ikivaks ja kaitseb kuumt\u00f6\u00f6tluse korral. V\u00f5ib kasutada ka \u00f6iseks hoolduseks v\u00f5i maskina enne pesu.<\/p>\n<p>Juuste \u00f5lihooldus m\u00f5jub efektiivsemalt paksudele, kuivadele ja t\u00f6\u00f6deldud juustele. Kui juuksed on \u00f5hukesed, peenikese karvaga ja l\u00e4hevad kiiresti rasuseks on parem keskenduda vaid juuste otstele, sest peanahk toodab ise piisavalt rasu juurte niisutamiseks ja toitmiseks. \u00dcldiselt ongi maski puhul parem keskenduda juuste otstele, et mitte segada peanaha rasun\u00e4\u00e4rmete normaalset toimimist.<\/p>\n<p class=\"p1\"><span class=\"s1\"><b>KOOSTISOSAD: <\/b><\/span>Viinamarjaseemne\u00f5li, sheav\u00f5i, mangov\u00f5i, argani\u00f5li, brokkoliseemne\u00f5li, keratiin, taimne emulgaator, s\u00e4ilitusaine, tsetear\u00fc\u00fclalkohol, siidiproteiin, pantenool, kookossilikoon, uurea, gl\u00fctseriin, aloe vera, destilleeritud vesi, kookosrasv, avokaado\u00f5li, oliivi\u00f5li, kokogl\u00fckosiid + gl\u00fctser\u00fc\u00fcloleaat, steariinhape.<\/p>\n<p><strong>KULU<\/strong>: Olenevalt juuste pikkusest ja paksusest kulub \u00fche kasutuskorra kohta 2-4g toodet.<\/p>\n<p><strong>TARNE JA S\u00c4ILIVUS:<\/strong>\u00a0Valmistan tooted enamasti vastavalt tellimusele. Tarne kuni 1 n\u00e4dal.\u00a0<br data-start=\"1330\" data-end=\"1333\" \/>S\u00e4ilivus 6 kuud.<\/p>","protected":false},"excerpt":{"rendered":"<p>100% looduslik juuksev\u00f5i<a href=\"https:\/\/healing.ee\/wp-content\/uploads\/2023\/10\/IMG_0274-2.heic\"><img decoding=\"async\" class=\"alignnone size-full wp-image-4289\" src=\"https:\/\/healing.ee\/wp-content\/uploads\/2023\/10\/IMG_0274-2.heic\" alt=\"\" \/><\/a><\/p>\n<ul>\n<li data-start=\"1274\" data-end=\"1361\"><strong data-start=\"1274\" data-end=\"1305\">Taastab ja toidab s\u00fcgavuti:<\/strong> sheav\u00f5i, mangov\u00f5i, kookosrasv, avokaado\u00f5li, oliivi\u00f5li<\/li>\n<li data-start=\"1274\" data-end=\"1361\"><strong data-start=\"1364\" data-end=\"1391\">Silub ja v\u00e4hendab kahu:<\/strong> brokkoliseemne\u00f5li, kookossilikoon<\/li>\n<li data-start=\"1274\" data-end=\"1361\"><strong data-start=\"1430\" data-end=\"1455\">Tugevdab juuksekarva:<\/strong> taimne keratiin, siidiproteiin, tsetear\u00fc\u00fclalkohol<\/li>\n<li><strong data-start=\"2123\" data-end=\"2148\">Intensiivne niisutus:<\/strong> aloe vera, gl\u00fctseriin, uurea<\/li>\n<li data-start=\"1274\" data-end=\"1361\"><strong data-start=\"1557\" data-end=\"1602\">Parandab elastsust ja v\u00e4hendab murdumist:<\/strong> pantenool, argani\u00f5li<\/li>\n<\/ul>","protected":false},"featured_media":10651,"template":"","meta":{"site-sidebar-layout":"default","site-content-layout":"default","ast-site-content-layout":"default","site-content-style":"default","site-sidebar-style":"default","ast-global-header-display":"","ast-banner-title-visibility":"","ast-main-header-display":"","ast-hfb-above-header-display":"","ast-hfb-below-header-display":"","ast-hfb-mobile-header-display":"","site-post-title":"","ast-breadcrumbs-content":"","ast-featured-img":"","footer-sml-layout":"","ast-disable-related-posts":"","theme-transparent-header-meta":"default","adv-header-id-meta":"","stick-header-meta":"","header-above-stick-meta":"","header-main-stick-meta":"","header-below-stick-meta":"","astra-migrate-meta-layouts":"set","ast-page-background-enabled":"default","ast-page-background-meta":{"desktop":{"background-color":"var(--ast-global-color-4)","background-image":"","background-repeat":"repeat","background-position":"center center","background-size":"auto","background-attachment":"scroll","background-type":"","background-media":"","overlay-type":"","overlay-color":"","overlay-opacity":"","overlay-gradient":""},"tablet":{"background-color":"","background-image":"","background-repeat":"repeat","background-position":"center center","background-size":"auto","background-attachment":"scroll","background-type":"","background-media":"","overlay-type":"","overlay-color":"","overlay-opacity":"","overlay-gradient":""},"mobile":{"background-color":"","background-image":"","background-repeat":"repeat","background-position":"center center","background-size":"auto","background-attachment":"scroll","background-type":"","background-media":"","overlay-type":"","overlay-color":"","overlay-opacity":"","overlay-gradient":""}},"ast-content-background-meta":{"desktop":{"background-color":"var(--ast-global-color-5)","background-image":"","background-repeat":"repeat","background-position":"center center","background-size":"auto","background-attachment":"scroll","background-type":"","background-media":"","overlay-type":"","overlay-color":"","overlay-opacity":"","overlay-gradient":""},"tablet":{"background-color":"var(--ast-global-color-5)","background-image":"","background-repeat":"repeat","background-position":"center center","background-size":"auto","background-attachment":"scroll","background-type":"","background-media":"","overlay-type":"","overlay-color":"","overlay-opacity":"","overlay-gradient":""},"mobile":{"background-color":"var(--ast-global-color-5)","background-image":"","background-repeat":"repeat","background-position":"center center","background-size":"auto","background-attachment":"scroll","background-type":"","background-media":"","overlay-type":"","overlay-color":"","overlay-opacity":"","overlay-gradient":""}}},"product_brand":[],"product_cat":[58],"product_tag":[],"class_list":{"0":"post-10467","1":"product","2":"type-product","3":"status-publish","4":"has-post-thumbnail","6":"product_cat-fuusiline-et","7":"product_shipping_class-eesti-et","8":"desktop-align-left","9":"tablet-align-left","10":"mobile-align-left","12":"first","13":"instock","14":"shipping-taxable","15":"purchasable","16":"product-type-variable"},"yoast_head":"<!-- This site is optimized with the Yoast SEO plugin v27.3 - https:\/\/yoast.com\/product\/yoast-seo-wordpress\/ -->\n<title>Juuksev\u00f5i - Holistic Healing<\/title>\n<meta name=\"robots\" content=\"index, follow, max-snippet:-1, max-image-preview:large, max-video-preview:-1\" \/>\n<link rel=\"canonical\" href=\"https:\/\/healing.ee\/en\/product\/juuksevoi\/\" \/>\n<meta property=\"og:locale\" content=\"en_GB\" \/>\n<meta property=\"og:type\" content=\"article\" \/>\n<meta property=\"og:title\" content=\"Juuksev\u00f5i - Holistic Healing\" \/>\n<meta property=\"og:description\" content=\"100% looduslik juuksev\u00f5i   Taastab ja toidab s\u00fcgavuti: sheav\u00f5i, mangov\u00f5i, kookosrasv, avokaado\u00f5li, oliivi\u00f5li  Silub ja v\u00e4hendab kahu: brokkoliseemne\u00f5li, kookossilikoon  Tugevdab juuksekarva: taimne keratiin, siidiproteiin, tsetear\u00fc\u00fclalkohol  Intensiivne niisutus: aloe vera, gl\u00fctseriin, uurea  Parandab elastsust ja v\u00e4hendab murdumist: pantenool, argani\u00f5li\" \/>\n<meta property=\"og:url\" content=\"https:\/\/healing.ee\/en\/product\/juuksevoi\/\" \/>\n<meta property=\"og:site_name\" content=\"Holistic Healing\" \/>\n<meta property=\"article:publisher\" content=\"https:\/\/www.facebook.com\/holistic.healing.estonia\" \/>\n<meta property=\"article:modified_time\" content=\"2025-11-29T16:23:28+00:00\" \/>\n<meta property=\"og:image\" content=\"https:\/\/i0.wp.com\/healing.ee\/wp-content\/uploads\/2025\/11\/juuksevoi-kombo.jpg?fit=1333%2C1333&ssl=1\" \/>\n\t<meta property=\"og:image:width\" content=\"1333\" \/>\n\t<meta property=\"og:image:height\" content=\"1333\" \/>\n\t<meta property=\"og:image:type\" content=\"image\/jpeg\" \/>\n<meta name=\"twitter:card\" content=\"summary_large_image\" \/>\n<meta name=\"twitter:label1\" content=\"Estimated reading time\" \/>\n\t<meta name=\"twitter:data1\" content=\"1 minute\" \/>\n<script type=\"application\/ld+json\" class=\"yoast-schema-graph\">{\"@context\":\"https:\\\/\\\/schema.org\",\"@graph\":[{\"@type\":\"WebPage\",\"@id\":\"https:\\\/\\\/healing.ee\\\/et\\\/toode\\\/juuksevoi\\\/\",\"url\":\"https:\\\/\\\/healing.ee\\\/et\\\/toode\\\/juuksevoi\\\/\",\"name\":\"Juuksev\u00f5i - Holistic Healing\",\"isPartOf\":{\"@id\":\"https:\\\/\\\/healing.ee\\\/et\\\/#website\"},\"primaryImageOfPage\":{\"@id\":\"https:\\\/\\\/healing.ee\\\/et\\\/toode\\\/juuksevoi\\\/#primaryimage\"},\"image\":{\"@id\":\"https:\\\/\\\/healing.ee\\\/et\\\/toode\\\/juuksevoi\\\/#primaryimage\"},\"thumbnailUrl\":\"https:\\\/\\\/i0.wp.com\\\/healing.ee\\\/wp-content\\\/uploads\\\/2025\\\/11\\\/juuksevoi-kombo.jpg?fit=1333%2C1333&ssl=1\",\"datePublished\":\"2025-11-21T12:24:45+00:00\",\"dateModified\":\"2025-11-29T16:23:28+00:00\",\"breadcrumb\":{\"@id\":\"https:\\\/\\\/healing.ee\\\/et\\\/toode\\\/juuksevoi\\\/#breadcrumb\"},\"inLanguage\":\"en-GB\",\"potentialAction\":[{\"@type\":\"ReadAction\",\"target\":[\"https:\\\/\\\/healing.ee\\\/et\\\/toode\\\/juuksevoi\\\/\"]}]},{\"@type\":\"ImageObject\",\"inLanguage\":\"en-GB\",\"@id\":\"https:\\\/\\\/healing.ee\\\/et\\\/toode\\\/juuksevoi\\\/#primaryimage\",\"url\":\"https:\\\/\\\/i0.wp.com\\\/healing.ee\\\/wp-content\\\/uploads\\\/2025\\\/11\\\/juuksevoi-kombo.jpg?fit=1333%2C1333&ssl=1\",\"contentUrl\":\"https:\\\/\\\/i0.wp.com\\\/healing.ee\\\/wp-content\\\/uploads\\\/2025\\\/11\\\/juuksevoi-kombo.jpg?fit=1333%2C1333&ssl=1\",\"width\":1333,\"height\":1333},{\"@type\":\"BreadcrumbList\",\"@id\":\"https:\\\/\\\/healing.ee\\\/et\\\/toode\\\/juuksevoi\\\/#breadcrumb\",\"itemListElement\":[{\"@type\":\"ListItem\",\"position\":1,\"name\":\"Home\",\"item\":\"https:\\\/\\\/healing.ee\\\/\"},{\"@type\":\"ListItem\",\"position\":2,\"name\":\"Pood\",\"item\":\"https:\\\/\\\/healing.ee\\\/et\\\/pood\\\/\"},{\"@type\":\"ListItem\",\"position\":3,\"name\":\"Juuksev\u00f5i\"}]},{\"@type\":\"WebSite\",\"@id\":\"https:\\\/\\\/healing.ee\\\/et\\\/#website\",\"url\":\"https:\\\/\\\/healing.ee\\\/et\\\/\",\"name\":\"Holistic Healing\",\"description\":\"Tagasi iseendaks\",\"publisher\":{\"@id\":\"https:\\\/\\\/healing.ee\\\/et\\\/#organization\"},\"potentialAction\":[{\"@type\":\"SearchAction\",\"target\":{\"@type\":\"EntryPoint\",\"urlTemplate\":\"https:\\\/\\\/healing.ee\\\/et\\\/?s={search_term_string}\"},\"query-input\":{\"@type\":\"PropertyValueSpecification\",\"valueRequired\":true,\"valueName\":\"search_term_string\"}}],\"inLanguage\":\"en-GB\"},{\"@type\":\"Organization\",\"@id\":\"https:\\\/\\\/healing.ee\\\/et\\\/#organization\",\"name\":\"Holistic Healing\",\"url\":\"https:\\\/\\\/healing.ee\\\/et\\\/\",\"logo\":{\"@type\":\"ImageObject\",\"inLanguage\":\"en-GB\",\"@id\":\"https:\\\/\\\/healing.ee\\\/et\\\/#\\\/schema\\\/logo\\\/image\\\/\",\"url\":\"https:\\\/\\\/i0.wp.com\\\/healing.ee\\\/wp-content\\\/uploads\\\/2022\\\/12\\\/cropped-cropped-HH-LOGO-6-e1670997550150.jpg?fit=500%2C562&ssl=1\",\"contentUrl\":\"https:\\\/\\\/i0.wp.com\\\/healing.ee\\\/wp-content\\\/uploads\\\/2022\\\/12\\\/cropped-cropped-HH-LOGO-6-e1670997550150.jpg?fit=500%2C562&ssl=1\",\"width\":500,\"height\":562,\"caption\":\"Holistic Healing\"},\"image\":{\"@id\":\"https:\\\/\\\/healing.ee\\\/et\\\/#\\\/schema\\\/logo\\\/image\\\/\"},\"sameAs\":[\"https:\\\/\\\/www.facebook.com\\\/holistic.healing.estonia\",\"https:\\\/\\\/www.instagram.com\\\/healing.ee\\\/\"]}]}<\/script>\n<!-- \/ Yoast SEO plugin. -->","yoast_head_json":{"title":"Juuksev\u00f5i - Holistic Healing","robots":{"index":"index","follow":"follow","max-snippet":"max-snippet:-1","max-image-preview":"max-image-preview:large","max-video-preview":"max-video-preview:-1"},"canonical":"https:\/\/healing.ee\/en\/product\/juuksevoi\/","og_locale":"en_GB","og_type":"article","og_title":"Juuksev\u00f5i - Holistic Healing","og_description":"100% looduslik juuksev\u00f5i   Taastab ja toidab s\u00fcgavuti: sheav\u00f5i, mangov\u00f5i, kookosrasv, avokaado\u00f5li, oliivi\u00f5li  Silub ja v\u00e4hendab kahu: brokkoliseemne\u00f5li, kookossilikoon  Tugevdab juuksekarva: taimne keratiin, siidiproteiin, tsetear\u00fc\u00fclalkohol  Intensiivne niisutus: aloe vera, gl\u00fctseriin, uurea  Parandab elastsust ja v\u00e4hendab murdumist: pantenool, argani\u00f5li","og_url":"https:\/\/healing.ee\/en\/product\/juuksevoi\/","og_site_name":"Holistic Healing","article_publisher":"https:\/\/www.facebook.com\/holistic.healing.estonia","article_modified_time":"2025-11-29T16:23:28+00:00","og_image":[{"width":1333,"height":1333,"url":"https:\/\/i0.wp.com\/healing.ee\/wp-content\/uploads\/2025\/11\/juuksevoi-kombo.jpg?fit=1333%2C1333&ssl=1","type":"image\/jpeg"}],"twitter_card":"summary_large_image","twitter_misc":{"Estimated reading time":"1 minute"},"schema":{"@context":"https:\/\/schema.org","@graph":[{"@type":"WebPage","@id":"https:\/\/healing.ee\/et\/toode\/juuksevoi\/","url":"https:\/\/healing.ee\/et\/toode\/juuksevoi\/","name":"Juuksev\u00f5i - Holistic Healing","isPartOf":{"@id":"https:\/\/healing.ee\/et\/#website"},"primaryImageOfPage":{"@id":"https:\/\/healing.ee\/et\/toode\/juuksevoi\/#primaryimage"},"image":{"@id":"https:\/\/healing.ee\/et\/toode\/juuksevoi\/#primaryimage"},"thumbnailUrl":"https:\/\/i0.wp.com\/healing.ee\/wp-content\/uploads\/2025\/11\/juuksevoi-kombo.jpg?fit=1333%2C1333&ssl=1","datePublished":"2025-11-21T12:24:45+00:00","dateModified":"2025-11-29T16:23:28+00:00","breadcrumb":{"@id":"https:\/\/healing.ee\/et\/toode\/juuksevoi\/#breadcrumb"},"inLanguage":"en-GB","potentialAction":[{"@type":"ReadAction","target":["https:\/\/healing.ee\/et\/toode\/juuksevoi\/"]}]},{"@type":"ImageObject","inLanguage":"en-GB","@id":"https:\/\/healing.ee\/et\/toode\/juuksevoi\/#primaryimage","url":"https:\/\/i0.wp.com\/healing.ee\/wp-content\/uploads\/2025\/11\/juuksevoi-kombo.jpg?fit=1333%2C1333&ssl=1","contentUrl":"https:\/\/i0.wp.com\/healing.ee\/wp-content\/uploads\/2025\/11\/juuksevoi-kombo.jpg?fit=1333%2C1333&ssl=1","width":1333,"height":1333},{"@type":"BreadcrumbList","@id":"https:\/\/healing.ee\/et\/toode\/juuksevoi\/#breadcrumb","itemListElement":[{"@type":"ListItem","position":1,"name":"Home","item":"https:\/\/healing.ee\/"},{"@type":"ListItem","position":2,"name":"Pood","item":"https:\/\/healing.ee\/et\/pood\/"},{"@type":"ListItem","position":3,"name":"Juuksev\u00f5i"}]},{"@type":"WebSite","@id":"https:\/\/healing.ee\/et\/#website","url":"https:\/\/healing.ee\/et\/","name":"Holistic Healing","description":"Back to yourself","publisher":{"@id":"https:\/\/healing.ee\/et\/#organization"},"potentialAction":[{"@type":"SearchAction","target":{"@type":"EntryPoint","urlTemplate":"https:\/\/healing.ee\/et\/?s={search_term_string}"},"query-input":{"@type":"PropertyValueSpecification","valueRequired":true,"valueName":"search_term_string"}}],"inLanguage":"en-GB"},{"@type":"Organization","@id":"https:\/\/healing.ee\/et\/#organization","name":"Holistic Healing","url":"https:\/\/healing.ee\/et\/","logo":{"@type":"ImageObject","inLanguage":"en-GB","@id":"https:\/\/healing.ee\/et\/#\/schema\/logo\/image\/","url":"https:\/\/i0.wp.com\/healing.ee\/wp-content\/uploads\/2022\/12\/cropped-cropped-HH-LOGO-6-e1670997550150.jpg?fit=500%2C562&ssl=1","contentUrl":"https:\/\/i0.wp.com\/healing.ee\/wp-content\/uploads\/2022\/12\/cropped-cropped-HH-LOGO-6-e1670997550150.jpg?fit=500%2C562&ssl=1","width":500,"height":562,"caption":"Holistic Healing"},"image":{"@id":"https:\/\/healing.ee\/et\/#\/schema\/logo\/image\/"},"sameAs":["https:\/\/www.facebook.com\/holistic.healing.estonia","https:\/\/www.instagram.com\/healing.ee\/"]}]}},"jetpack_sharing_enabled":true,"_links":{"self":[{"href":"https:\/\/healing.ee\/en\/wp-json\/wp\/v2\/product\/10467","targetHints":{"allow":["GET"]}}],"collection":[{"href":"https:\/\/healing.ee\/en\/wp-json\/wp\/v2\/product"}],"about":[{"href":"https:\/\/healing.ee\/en\/wp-json\/wp\/v2\/types\/product"}],"version-history":[{"count":5,"href":"https:\/\/healing.ee\/en\/wp-json\/wp\/v2\/product\/10467\/revisions"}],"predecessor-version":[{"id":10686,"href":"https:\/\/healing.ee\/en\/wp-json\/wp\/v2\/product\/10467\/revisions\/10686"}],"wp:featuredmedia":[{"embeddable":true,"href":"https:\/\/healing.ee\/en\/wp-json\/wp\/v2\/media\/10651"}],"wp:attachment":[{"href":"https:\/\/healing.ee\/en\/wp-json\/wp\/v2\/media?parent=10467"}],"wp:term":[{"taxonomy":"product_brand","embeddable":true,"href":"https:\/\/healing.ee\/en\/wp-json\/wp\/v2\/product_brand?post=10467"},{"taxonomy":"product_cat","embeddable":true,"href":"https:\/\/healing.ee\/en\/wp-json\/wp\/v2\/product_cat?post=10467"},{"taxonomy":"product_tag","embeddable":true,"href":"https:\/\/healing.ee\/en\/wp-json\/wp\/v2\/product_tag?post=10467"}],"curies":[{"name":"wp","href":"https:\/\/api.w.org\/{rel}","templated":true}]}}